{"id":11606,"date":"2020-09-24T17:41:27","date_gmt":"2020-09-24T23:41:27","guid":{"rendered":"http:\/\/www.provesicsa.com\/?post_type=product&#038;p=11606"},"modified":"2020-11-09T16:54:28","modified_gmt":"2020-11-09T23:54:28","slug":"band023","status":"publish","type":"product","link":"https:\/\/www.provesicsa.com\/index.php\/\/producto\/band023\/","title":{"rendered":"Checkers FS5X-O"},"content":{"rendered":"\t\t<div data-elementor-type=\"wp-post\" data-elementor-id=\"11606\" class=\"elementor elementor-11606\">\n\t\t\t\t\t\t<section class=\"elementor-section elementor-top-section elementor-element elementor-element-506ca69 elementor-section-boxed elementor-section-height-default elementor-section-height-default\" data-id=\"506ca69\" data-element_type=\"section\" data-e-type=\"section\">\n\t\t\t\t\t\t<div class=\"elementor-container elementor-column-gap-default\">\n\t\t\t\t\t<div class=\"elementor-column elementor-col-100 elementor-top-column elementor-element elementor-element-7385426\" data-id=\"7385426\" data-element_type=\"column\" data-e-type=\"column\">\n\t\t\t<div class=\"elementor-widget-wrap elementor-element-populated\">\n\t\t\t\t\t\t<div class=\"elementor-element elementor-element-031af24 elementor-widget elementor-widget-text-editor\" data-id=\"031af24\" data-element_type=\"widget\" data-e-type=\"widget\" data-widget_type=\"text-editor.default\">\n\t\t\t\t<div class=\"elementor-widget-container\">\n\t\t\t\t\t\t\t\t\t<p>Descripci\u00f3n:<\/p><p>&#8211; Modelo: FS5X-O<br \/>&#8211; Caracter\u00edsticas: Altura total 1.5m, base de montaje hexagonal roscada para l\u00e1tigos sin luz, medida bandera 11&#8243;x12&#8243;<br \/>&#8211; Material: L\u00e1tigo de fibra de vidrio, bandera de malla de nylon recubierto de pl\u00e1stico con reflejante<\/p><p><img decoding=\"async\" class=\"alignleft wp-image-10949\" src=\"http:\/\/www.provesicsa.com\/wp-content\/uploads\/2019\/09\/checkers-300x72.jpg\" alt=\"\" width=\"122\" height=\"29\" srcset=\"https:\/\/www.provesicsa.com\/wp-content\/uploads\/2019\/09\/checkers-300x72.jpg 300w, https:\/\/www.provesicsa.com\/wp-content\/uploads\/2019\/09\/checkers-768x184.jpg 768w, https:\/\/www.provesicsa.com\/wp-content\/uploads\/2019\/09\/checkers-600x144.jpg 600w, https:\/\/www.provesicsa.com\/wp-content\/uploads\/2019\/09\/checkers.jpg 800w\" sizes=\"(max-width: 122px) 100vw, 122px\" \/><\/p>\t\t\t\t\t\t\t\t<\/div>\n\t\t\t\t<\/div>\n\t\t\t\t\t<\/div>\n\t\t<\/div>\n\t\t\t\t\t<\/div>\n\t\t<\/section>\n\t\t\t\t<section class=\"elementor-section elementor-top-section elementor-element elementor-element-590ae4a elementor-section-boxed elementor-section-height-default elementor-section-height-default\" data-id=\"590ae4a\" data-element_type=\"section\" data-e-type=\"section\">\n\t\t\t\t\t\t<div class=\"elementor-container elementor-column-gap-default\">\n\t\t\t\t\t<div class=\"elementor-column elementor-col-100 elementor-top-column elementor-element elementor-element-9189c29\" data-id=\"9189c29\" data-element_type=\"column\" data-e-type=\"column\">\n\t\t\t<div class=\"elementor-widget-wrap elementor-element-populated\">\n\t\t\t\t\t\t<div class=\"elementor-element elementor-element-07894f9 elementor-widget elementor-widget-spacer\" data-id=\"07894f9\" data-element_type=\"widget\" data-e-type=\"widget\" data-widget_type=\"spacer.default\">\n\t\t\t\t<div class=\"elementor-widget-container\">\n\t\t\t\t\t\t\t<div class=\"elementor-spacer\">\n\t\t\t<div class=\"elementor-spacer-inner\"><\/div>\n\t\t<\/div>\n\t\t\t\t\t\t<\/div>\n\t\t\t\t<\/div>\n\t\t\t\t\t<\/div>\n\t\t<\/div>\n\t\t\t\t\t<\/div>\n\t\t<\/section>\n\t\t\t\t<\/div>\n\t\t","protected":false},"excerpt":{"rendered":"<p>Descripci\u00f3n: &#8211; Modelo: FS5X-O&#8211; Caracter\u00edsticas: Altura total 1.5m, base de montaje hexagonal roscada para l\u00e1tigos sin luz, medida bandera 11&#8243;x12&#8243;&#8211; Material: L\u00e1tigo de fibra de vidrio, bandera de malla de nylon recubierto de pl\u00e1stico con reflejante<\/p>\n","protected":false},"featured_media":11607,"template":"","meta":{"_uag_custom_page_level_css":""},"product_brand":[],"product_cat":[696],"product_tag":[],"class_list":{"0":"post-11606","1":"product","2":"type-product","3":"status-publish","4":"has-post-thumbnail","6":"product_cat-banderas-banderines","8":"first","9":"instock","10":"taxable","11":"shipping-taxable","12":"product-type-simple"},"yoast_head":"<!-- This site is optimized with the Yoast SEO plugin v27.5 - https:\/\/yoast.com\/product\/yoast-seo-wordpress\/ -->\n<title>Checkers FS5X-O | Provesicsa Seguridad Industrial<\/title>\n<meta name=\"robots\" content=\"index, follow, max-snippet:-1, max-image-preview:large, max-video-preview:-1\" \/>\n<link rel=\"canonical\" href=\"https:\/\/www.provesicsa.com\/index.php\/\/producto\/band023\/\" \/>\n<meta property=\"og:locale\" content=\"es_ES\" \/>\n<meta property=\"og:type\" content=\"article\" \/>\n<meta property=\"og:title\" content=\"Checkers FS5X-O | Provesicsa Seguridad Industrial\" \/>\n<meta property=\"og:description\" content=\"Descripci\u00f3n: &#8211; Modelo: FS5X-O&#8211; Caracter\u00edsticas: Altura total 1.5m, base de montaje hexagonal roscada para l\u00e1tigos sin luz, medida bandera 11&#8243;x12&#8243;&#8211; Material: L\u00e1tigo de fibra de vidrio, bandera de malla de nylon recubierto de pl\u00e1stico con reflejante\" \/>\n<meta property=\"og:url\" content=\"https:\/\/www.provesicsa.com\/index.php\/\/producto\/band023\/\" \/>\n<meta property=\"og:site_name\" content=\"Provesicsa Seguridad Industrial\" \/>\n<meta property=\"article:publisher\" content=\"https:\/\/www.facebook.com\/ProvesicsaSeguridadIndustrial1\/\" \/>\n<meta property=\"article:modified_time\" content=\"2020-11-09T23:54:28+00:00\" \/>\n<meta property=\"og:image\" content=\"https:\/\/www.provesicsa.com\/wp-content\/uploads\/2020\/09\/band023.jpg\" \/>\n\t<meta property=\"og:image:width\" content=\"600\" \/>\n\t<meta property=\"og:image:height\" content=\"600\" \/>\n\t<meta property=\"og:image:type\" content=\"image\/jpeg\" \/>\n<meta name=\"twitter:card\" content=\"summary_large_image\" \/>\n<script type=\"application\/ld+json\" class=\"yoast-schema-graph\">{\"@context\":\"https:\\\/\\\/schema.org\",\"@graph\":[{\"@type\":\"WebPage\",\"@id\":\"https:\\\/\\\/www.provesicsa.com\\\/index.php\\\/\\\/producto\\\/band023\\\/\",\"url\":\"https:\\\/\\\/www.provesicsa.com\\\/index.php\\\/\\\/producto\\\/band023\\\/\",\"name\":\"Checkers FS5X-O | Provesicsa Seguridad Industrial\",\"isPartOf\":{\"@id\":\"https:\\\/\\\/www.provesicsa.com\\\/#website\"},\"primaryImageOfPage\":{\"@id\":\"https:\\\/\\\/www.provesicsa.com\\\/index.php\\\/\\\/producto\\\/band023\\\/#primaryimage\"},\"image\":{\"@id\":\"https:\\\/\\\/www.provesicsa.com\\\/index.php\\\/\\\/producto\\\/band023\\\/#primaryimage\"},\"thumbnailUrl\":\"https:\\\/\\\/www.provesicsa.com\\\/wp-content\\\/uploads\\\/2020\\\/09\\\/band023.jpg\",\"datePublished\":\"2020-09-24T23:41:27+00:00\",\"dateModified\":\"2020-11-09T23:54:28+00:00\",\"breadcrumb\":{\"@id\":\"https:\\\/\\\/www.provesicsa.com\\\/index.php\\\/\\\/producto\\\/band023\\\/#breadcrumb\"},\"inLanguage\":\"es\",\"potentialAction\":[{\"@type\":\"ReadAction\",\"target\":[\"https:\\\/\\\/www.provesicsa.com\\\/index.php\\\/\\\/producto\\\/band023\\\/\"]}]},{\"@type\":\"ImageObject\",\"inLanguage\":\"es\",\"@id\":\"https:\\\/\\\/www.provesicsa.com\\\/index.php\\\/\\\/producto\\\/band023\\\/#primaryimage\",\"url\":\"https:\\\/\\\/www.provesicsa.com\\\/wp-content\\\/uploads\\\/2020\\\/09\\\/band023.jpg\",\"contentUrl\":\"https:\\\/\\\/www.provesicsa.com\\\/wp-content\\\/uploads\\\/2020\\\/09\\\/band023.jpg\",\"width\":600,\"height\":600},{\"@type\":\"BreadcrumbList\",\"@id\":\"https:\\\/\\\/www.provesicsa.com\\\/index.php\\\/\\\/producto\\\/band023\\\/#breadcrumb\",\"itemListElement\":[{\"@type\":\"ListItem\",\"position\":1,\"name\":\"Portada\",\"item\":\"https:\\\/\\\/www.provesicsa.com\\\/\"},{\"@type\":\"ListItem\",\"position\":2,\"name\":\"Cat\u00e1logo de productos\",\"item\":\"https:\\\/\\\/www.provesicsa.com\\\/index.php\\\/shop1\\\/\"},{\"@type\":\"ListItem\",\"position\":3,\"name\":\"Checkers FS5X-O\"}]},{\"@type\":\"WebSite\",\"@id\":\"https:\\\/\\\/www.provesicsa.com\\\/#website\",\"url\":\"https:\\\/\\\/www.provesicsa.com\\\/\",\"name\":\"Provesicsa Seguridad Industrial\",\"description\":\"Venta de equipo de seguridad industrial y contra incendio\",\"publisher\":{\"@id\":\"https:\\\/\\\/www.provesicsa.com\\\/#organization\"},\"potentialAction\":[{\"@type\":\"SearchAction\",\"target\":{\"@type\":\"EntryPoint\",\"urlTemplate\":\"https:\\\/\\\/www.provesicsa.com\\\/?s={search_term_string}\"},\"query-input\":{\"@type\":\"PropertyValueSpecification\",\"valueRequired\":true,\"valueName\":\"search_term_string\"}}],\"inLanguage\":\"es\"},{\"@type\":\"Organization\",\"@id\":\"https:\\\/\\\/www.provesicsa.com\\\/#organization\",\"name\":\"Provesicsa Seguridad Industrial\",\"url\":\"https:\\\/\\\/www.provesicsa.com\\\/\",\"logo\":{\"@type\":\"ImageObject\",\"inLanguage\":\"es\",\"@id\":\"https:\\\/\\\/www.provesicsa.com\\\/#\\\/schema\\\/logo\\\/image\\\/\",\"url\":\"https:\\\/\\\/www.provesicsa.com\\\/wp-content\\\/uploads\\\/2019\\\/08\\\/pagweb-1.png\",\"contentUrl\":\"https:\\\/\\\/www.provesicsa.com\\\/wp-content\\\/uploads\\\/2019\\\/08\\\/pagweb-1.png\",\"width\":360,\"height\":160,\"caption\":\"Provesicsa Seguridad Industrial\"},\"image\":{\"@id\":\"https:\\\/\\\/www.provesicsa.com\\\/#\\\/schema\\\/logo\\\/image\\\/\"},\"sameAs\":[\"https:\\\/\\\/www.facebook.com\\\/ProvesicsaSeguridadIndustrial1\\\/\",\"https:\\\/\\\/www.instagram.com\\\/provesicsaseguridadindustrial\\\/\"]}]}<\/script>\n<!-- \/ Yoast SEO plugin. -->","yoast_head_json":{"title":"Checkers FS5X-O | Provesicsa Seguridad Industrial","robots":{"index":"index","follow":"follow","max-snippet":"max-snippet:-1","max-image-preview":"max-image-preview:large","max-video-preview":"max-video-preview:-1"},"canonical":"https:\/\/www.provesicsa.com\/index.php\/\/producto\/band023\/","og_locale":"es_ES","og_type":"article","og_title":"Checkers FS5X-O | Provesicsa Seguridad Industrial","og_description":"Descripci\u00f3n: &#8211; Modelo: FS5X-O&#8211; Caracter\u00edsticas: Altura total 1.5m, base de montaje hexagonal roscada para l\u00e1tigos sin luz, medida bandera 11&#8243;x12&#8243;&#8211; Material: L\u00e1tigo de fibra de vidrio, bandera de malla de nylon recubierto de pl\u00e1stico con reflejante","og_url":"https:\/\/www.provesicsa.com\/index.php\/\/producto\/band023\/","og_site_name":"Provesicsa Seguridad Industrial","article_publisher":"https:\/\/www.facebook.com\/ProvesicsaSeguridadIndustrial1\/","article_modified_time":"2020-11-09T23:54:28+00:00","og_image":[{"width":600,"height":600,"url":"https:\/\/www.provesicsa.com\/wp-content\/uploads\/2020\/09\/band023.jpg","type":"image\/jpeg"}],"twitter_card":"summary_large_image","schema":{"@context":"https:\/\/schema.org","@graph":[{"@type":"WebPage","@id":"https:\/\/www.provesicsa.com\/index.php\/\/producto\/band023\/","url":"https:\/\/www.provesicsa.com\/index.php\/\/producto\/band023\/","name":"Checkers FS5X-O | Provesicsa Seguridad Industrial","isPartOf":{"@id":"https:\/\/www.provesicsa.com\/#website"},"primaryImageOfPage":{"@id":"https:\/\/www.provesicsa.com\/index.php\/\/producto\/band023\/#primaryimage"},"image":{"@id":"https:\/\/www.provesicsa.com\/index.php\/\/producto\/band023\/#primaryimage"},"thumbnailUrl":"https:\/\/www.provesicsa.com\/wp-content\/uploads\/2020\/09\/band023.jpg","datePublished":"2020-09-24T23:41:27+00:00","dateModified":"2020-11-09T23:54:28+00:00","breadcrumb":{"@id":"https:\/\/www.provesicsa.com\/index.php\/\/producto\/band023\/#breadcrumb"},"inLanguage":"es","potentialAction":[{"@type":"ReadAction","target":["https:\/\/www.provesicsa.com\/index.php\/\/producto\/band023\/"]}]},{"@type":"ImageObject","inLanguage":"es","@id":"https:\/\/www.provesicsa.com\/index.php\/\/producto\/band023\/#primaryimage","url":"https:\/\/www.provesicsa.com\/wp-content\/uploads\/2020\/09\/band023.jpg","contentUrl":"https:\/\/www.provesicsa.com\/wp-content\/uploads\/2020\/09\/band023.jpg","width":600,"height":600},{"@type":"BreadcrumbList","@id":"https:\/\/www.provesicsa.com\/index.php\/\/producto\/band023\/#breadcrumb","itemListElement":[{"@type":"ListItem","position":1,"name":"Portada","item":"https:\/\/www.provesicsa.com\/"},{"@type":"ListItem","position":2,"name":"Cat\u00e1logo de productos","item":"https:\/\/www.provesicsa.com\/index.php\/shop1\/"},{"@type":"ListItem","position":3,"name":"Checkers FS5X-O"}]},{"@type":"WebSite","@id":"https:\/\/www.provesicsa.com\/#website","url":"https:\/\/www.provesicsa.com\/","name":"Provesicsa Seguridad Industrial","description":"Venta de equipo de seguridad industrial y contra incendio","publisher":{"@id":"https:\/\/www.provesicsa.com\/#organization"},"potentialAction":[{"@type":"SearchAction","target":{"@type":"EntryPoint","urlTemplate":"https:\/\/www.provesicsa.com\/?s={search_term_string}"},"query-input":{"@type":"PropertyValueSpecification","valueRequired":true,"valueName":"search_term_string"}}],"inLanguage":"es"},{"@type":"Organization","@id":"https:\/\/www.provesicsa.com\/#organization","name":"Provesicsa Seguridad Industrial","url":"https:\/\/www.provesicsa.com\/","logo":{"@type":"ImageObject","inLanguage":"es","@id":"https:\/\/www.provesicsa.com\/#\/schema\/logo\/image\/","url":"https:\/\/www.provesicsa.com\/wp-content\/uploads\/2019\/08\/pagweb-1.png","contentUrl":"https:\/\/www.provesicsa.com\/wp-content\/uploads\/2019\/08\/pagweb-1.png","width":360,"height":160,"caption":"Provesicsa Seguridad Industrial"},"image":{"@id":"https:\/\/www.provesicsa.com\/#\/schema\/logo\/image\/"},"sameAs":["https:\/\/www.facebook.com\/ProvesicsaSeguridadIndustrial1\/","https:\/\/www.instagram.com\/provesicsaseguridadindustrial\/"]}]}},"uagb_featured_image_src":{"full":["https:\/\/www.provesicsa.com\/wp-content\/uploads\/2020\/09\/band023.jpg",600,600,false],"thumbnail":["https:\/\/www.provesicsa.com\/wp-content\/uploads\/2020\/09\/band023-180x180.jpg",180,180,true],"medium":["https:\/\/www.provesicsa.com\/wp-content\/uploads\/2020\/09\/band023-300x300.jpg",300,300,true],"medium_large":["https:\/\/www.provesicsa.com\/wp-content\/uploads\/2020\/09\/band023.jpg",600,600,false],"large":["https:\/\/www.provesicsa.com\/wp-content\/uploads\/2020\/09\/band023-300x300.jpg",300,300,true],"wpmtpv2-thumb":["https:\/\/www.provesicsa.com\/wp-content\/uploads\/2020\/09\/band023-250x250.jpg",250,250,true],"wpmtpv2-single":["https:\/\/www.provesicsa.com\/wp-content\/uploads\/2020\/09\/band023-300x300.jpg",300,300,true],"wpmtpv2-admin-thumb":["https:\/\/www.provesicsa.com\/wp-content\/uploads\/2020\/09\/band023-90x90.jpg",90,90,true],"1536x1536":["https:\/\/www.provesicsa.com\/wp-content\/uploads\/2020\/09\/band023.jpg",600,600,false],"2048x2048":["https:\/\/www.provesicsa.com\/wp-content\/uploads\/2020\/09\/band023.jpg",600,600,false],"woocommerce_thumbnail":["https:\/\/www.provesicsa.com\/wp-content\/uploads\/2020\/09\/band023-300x300.jpg",300,300,true],"woocommerce_single":["https:\/\/www.provesicsa.com\/wp-content\/uploads\/2020\/09\/band023-300x300.jpg",300,300,true],"woocommerce_gallery_thumbnail":["https:\/\/www.provesicsa.com\/wp-content\/uploads\/2020\/09\/band023-100x100.jpg",100,100,true]},"uagb_author_info":{"display_name":"mkt","author_link":"https:\/\/www.provesicsa.com\/index.php\/author\/"},"uagb_comment_info":0,"uagb_excerpt":"Descripci\u00f3n: &#8211; Modelo: FS5X-O&#8211; Caracter\u00edsticas: Altura total 1.5m, base de montaje hexagonal roscada para l\u00e1tigos sin luz, medida bandera 11&#8243;x12&#8243;&#8211; Material: L\u00e1tigo de fibra de vidrio, bandera de malla de nylon recubierto de pl\u00e1stico con reflejante","post_mailing_queue_ids":[],"_links":{"self":[{"href":"https:\/\/www.provesicsa.com\/index.php\/wp-json\/wp\/v2\/product\/11606","targetHints":{"allow":["GET"]}}],"collection":[{"href":"https:\/\/www.provesicsa.com\/index.php\/wp-json\/wp\/v2\/product"}],"about":[{"href":"https:\/\/www.provesicsa.com\/index.php\/wp-json\/wp\/v2\/types\/product"}],"version-history":[{"count":4,"href":"https:\/\/www.provesicsa.com\/index.php\/wp-json\/wp\/v2\/product\/11606\/revisions"}],"predecessor-version":[{"id":14098,"href":"https:\/\/www.provesicsa.com\/index.php\/wp-json\/wp\/v2\/product\/11606\/revisions\/14098"}],"wp:featuredmedia":[{"embeddable":true,"href":"https:\/\/www.provesicsa.com\/index.php\/wp-json\/wp\/v2\/media\/11607"}],"wp:attachment":[{"href":"https:\/\/www.provesicsa.com\/index.php\/wp-json\/wp\/v2\/media?parent=11606"}],"wp:term":[{"taxonomy":"product_brand","embeddable":true,"href":"https:\/\/www.provesicsa.com\/index.php\/wp-json\/wp\/v2\/product_brand?post=11606"},{"taxonomy":"product_cat","embeddable":true,"href":"https:\/\/www.provesicsa.com\/index.php\/wp-json\/wp\/v2\/product_cat?post=11606"},{"taxonomy":"product_tag","embeddable":true,"href":"https:\/\/www.provesicsa.com\/index.php\/wp-json\/wp\/v2\/product_tag?post=11606"}],"curies":[{"name":"wp","href":"https:\/\/api.w.org\/{rel}","templated":true}]}}