{"id":15271,"date":"2022-05-26T12:45:44","date_gmt":"2022-05-26T18:45:44","guid":{"rendered":"https:\/\/www.provesicsa.com\/?post_type=product&#038;p=15271"},"modified":"2023-06-02T12:08:59","modified_gmt":"2023-06-02T18:08:59","slug":"zapato-sicuro-si50","status":"publish","type":"product","link":"https:\/\/www.provesicsa.com\/index.php\/producto\/zapato-sicuro-si50\/","title":{"rendered":"Zapato Sicuro SI50"},"content":{"rendered":"\t\t<div data-elementor-type=\"wp-post\" data-elementor-id=\"15271\" class=\"elementor elementor-15271\">\n\t\t\t\t\t\t<div class=\"elementor-inner\">\n\t\t\t\t<div class=\"elementor-section-wrap\">\n\t\t\t\t\t\t\t\t\t<section class=\"elementor-section elementor-top-section elementor-element elementor-element-d6ee311 elementor-section-boxed elementor-section-height-default elementor-section-height-default\" data-id=\"d6ee311\" data-element_type=\"section\">\n\t\t\t\t\t\t<div class=\"elementor-container elementor-column-gap-default\">\n\t\t\t\t\t\t\t<div class=\"elementor-row\">\n\t\t\t\t\t<div class=\"elementor-column elementor-col-100 elementor-top-column elementor-element elementor-element-a79acc3\" data-id=\"a79acc3\" data-element_type=\"column\">\n\t\t\t<div class=\"elementor-column-wrap elementor-element-populated\">\n\t\t\t\t\t\t\t<div class=\"elementor-widget-wrap\">\n\t\t\t\t\t\t<div class=\"elementor-element elementor-element-61e63e2 elementor-widget elementor-widget-text-editor\" data-id=\"61e63e2\" data-element_type=\"widget\" data-widget_type=\"text-editor.default\">\n\t\t\t\t<div class=\"elementor-widget-container\">\n\t\t\t\t\t\t\t\t<div class=\"elementor-text-editor elementor-clearfix\">\n\t\t\t\t<p>Tipo de protecci\u00f3n: Con puntera de protecci\u00f3n (PP), diel\u00e9ctrico (D)<br>Corte: Tecnocuero<br>Color: Gris<br>Casco: Policarbonato<br>Suela: PU<br><\/p>\t\t\t\t\t<\/div>\n\t\t\t\t\t\t<\/div>\n\t\t\t\t<\/div>\n\t\t\t\t\t\t<\/div>\n\t\t\t\t\t<\/div>\n\t\t<\/div>\n\t\t\t\t\t\t\t\t<\/div>\n\t\t\t\t\t<\/div>\n\t\t<\/section>\n\t\t\t\t<section class=\"elementor-section elementor-top-section elementor-element elementor-element-1cb7451 elementor-section-boxed elementor-section-height-default elementor-section-height-default\" data-id=\"1cb7451\" data-element_type=\"section\">\n\t\t\t\t\t\t<div class=\"elementor-container elementor-column-gap-default\">\n\t\t\t\t\t\t\t<div class=\"elementor-row\">\n\t\t\t\t\t<div class=\"elementor-column elementor-col-100 elementor-top-column elementor-element elementor-element-c73f51e\" data-id=\"c73f51e\" data-element_type=\"column\">\n\t\t\t<div class=\"elementor-column-wrap elementor-element-populated\">\n\t\t\t\t\t\t\t<div class=\"elementor-widget-wrap\">\n\t\t\t\t\t\t<div class=\"elementor-element elementor-element-0d9bffa elementor-widget elementor-widget-spacer\" data-id=\"0d9bffa\" data-element_type=\"widget\" data-widget_type=\"spacer.default\">\n\t\t\t\t<div class=\"elementor-widget-container\">\n\t\t\t\t\t<div class=\"elementor-spacer\">\n\t\t\t<div class=\"elementor-spacer-inner\"><\/div>\n\t\t<\/div>\n\t\t\t\t<\/div>\n\t\t\t\t<\/div>\n\t\t\t\t\t\t<\/div>\n\t\t\t\t\t<\/div>\n\t\t<\/div>\n\t\t\t\t\t\t\t\t<\/div>\n\t\t\t\t\t<\/div>\n\t\t<\/section>\n\t\t\t\t\t\t\t\t\t<\/div>\n\t\t\t<\/div>\n\t\t\t\t\t<\/div>\n\t\t","protected":false},"excerpt":{"rendered":"<p>Tipo de protecci\u00f3n: Con puntera de protecci\u00f3n (PP)<br \/>\nCorte: Tecnocuero<br \/>\nColor: Gris<br \/>\nCasco: Policarbonato<br \/>\nSuela: Topa PU<\/p>\n<p><img loading=\"lazy\" decoding=\"async\" class=\"wp-image-15275 size-medium alignleft\" src=\"https:\/\/www.provesicsa.com\/wp-content\/uploads\/2022\/05\/11259878_1011390315558195_27866275958189904_n-300x225.jpg\" alt=\"\" width=\"300\" height=\"225\" srcset=\"https:\/\/www.provesicsa.com\/wp-content\/uploads\/2022\/05\/11259878_1011390315558195_27866275958189904_n-300x225.jpg 300w, https:\/\/www.provesicsa.com\/wp-content\/uploads\/2022\/05\/11259878_1011390315558195_27866275958189904_n.jpg 612w\" sizes=\"(max-width: 300px) 100vw, 300px\" \/><\/p>\n","protected":false},"featured_media":15272,"template":"","meta":{"_uag_custom_page_level_css":""},"class_list":{"0":"post-15271","1":"product","2":"type-product","3":"status-publish","4":"has-post-thumbnail","6":"product_cat-calzado-dama","8":"first","9":"instock","10":"taxable","11":"shipping-taxable","12":"product-type-simple"},"yoast_head":"<!-- This site is optimized with the Yoast SEO plugin v18.1 - https:\/\/yoast.com\/wordpress\/plugins\/seo\/ -->\n<title>Zapato Sicuro SI50 | Provesicsa Seguridad Industrial<\/title>\n<meta name=\"robots\" content=\"index, follow, max-snippet:-1, max-image-preview:large, max-video-preview:-1\" \/>\n<link rel=\"canonical\" href=\"https:\/\/www.provesicsa.com\/index.php\/producto\/zapato-sicuro-si50\/\" \/>\n<meta property=\"og:locale\" content=\"es_ES\" \/>\n<meta property=\"og:type\" content=\"article\" \/>\n<meta property=\"og:title\" content=\"Zapato Sicuro SI50 | Provesicsa Seguridad Industrial\" \/>\n<meta property=\"og:description\" content=\"Tipo de protecci\u00f3n: Con puntera de protecci\u00f3n (PP) Corte: Tecnocuero Color: Gris Casco: Policarbonato Suela: Topa PU\" \/>\n<meta property=\"og:url\" content=\"https:\/\/www.provesicsa.com\/index.php\/producto\/zapato-sicuro-si50\/\" \/>\n<meta property=\"og:site_name\" content=\"Provesicsa Seguridad Industrial\" \/>\n<meta property=\"article:publisher\" content=\"https:\/\/www.facebook.com\/ProvesicsaSeguridadIndustrial1\/\" \/>\n<meta property=\"article:modified_time\" content=\"2023-06-02T18:08:59+00:00\" \/>\n<meta property=\"og:image\" content=\"https:\/\/www.provesicsa.com\/wp-content\/uploads\/2022\/05\/SI50-ROSA.jpg\" \/>\n\t<meta property=\"og:image:width\" content=\"940\" \/>\n\t<meta property=\"og:image:height\" content=\"1215\" \/>\n\t<meta property=\"og:image:type\" content=\"image\/jpeg\" \/>\n<meta name=\"twitter:card\" content=\"summary_large_image\" \/>\n<script type=\"application\/ld+json\" class=\"yoast-schema-graph\">{\"@context\":\"https:\/\/schema.org\",\"@graph\":[{\"@type\":\"Organization\",\"@id\":\"https:\/\/www.provesicsa.com\/#organization\",\"name\":\"Provesicsa Seguridad Industrial\",\"url\":\"https:\/\/www.provesicsa.com\/\",\"sameAs\":[\"https:\/\/www.facebook.com\/ProvesicsaSeguridadIndustrial1\/\",\"https:\/\/www.instagram.com\/provesicsaseguridadindustrial\/\"],\"logo\":{\"@type\":\"ImageObject\",\"@id\":\"https:\/\/www.provesicsa.com\/#logo\",\"inLanguage\":\"es\",\"url\":\"https:\/\/www.provesicsa.com\/wp-content\/uploads\/2019\/08\/pagweb-1.png\",\"contentUrl\":\"https:\/\/www.provesicsa.com\/wp-content\/uploads\/2019\/08\/pagweb-1.png\",\"width\":360,\"height\":160,\"caption\":\"Provesicsa Seguridad Industrial\"},\"image\":{\"@id\":\"https:\/\/www.provesicsa.com\/#logo\"}},{\"@type\":\"WebSite\",\"@id\":\"https:\/\/www.provesicsa.com\/#website\",\"url\":\"https:\/\/www.provesicsa.com\/\",\"name\":\"Provesicsa Seguridad Industrial\",\"description\":\"Venta de equipo de seguridad industrial y contra incendio\",\"publisher\":{\"@id\":\"https:\/\/www.provesicsa.com\/#organization\"},\"potentialAction\":[{\"@type\":\"SearchAction\",\"target\":{\"@type\":\"EntryPoint\",\"urlTemplate\":\"https:\/\/www.provesicsa.com\/?s={search_term_string}\"},\"query-input\":\"required name=search_term_string\"}],\"inLanguage\":\"es\"},{\"@type\":\"ImageObject\",\"@id\":\"https:\/\/www.provesicsa.com\/index.php\/producto\/zapato-sicuro-si50\/#primaryimage\",\"inLanguage\":\"es\",\"url\":\"https:\/\/www.provesicsa.com\/wp-content\/uploads\/2022\/05\/SI50-ROSA.jpg\",\"contentUrl\":\"https:\/\/www.provesicsa.com\/wp-content\/uploads\/2022\/05\/SI50-ROSA.jpg\",\"width\":940,\"height\":1215},{\"@type\":\"WebPage\",\"@id\":\"https:\/\/www.provesicsa.com\/index.php\/producto\/zapato-sicuro-si50\/#webpage\",\"url\":\"https:\/\/www.provesicsa.com\/index.php\/producto\/zapato-sicuro-si50\/\",\"name\":\"Zapato Sicuro SI50 | Provesicsa Seguridad Industrial\",\"isPartOf\":{\"@id\":\"https:\/\/www.provesicsa.com\/#website\"},\"primaryImageOfPage\":{\"@id\":\"https:\/\/www.provesicsa.com\/index.php\/producto\/zapato-sicuro-si50\/#primaryimage\"},\"datePublished\":\"2022-05-26T18:45:44+00:00\",\"dateModified\":\"2023-06-02T18:08:59+00:00\",\"breadcrumb\":{\"@id\":\"https:\/\/www.provesicsa.com\/index.php\/producto\/zapato-sicuro-si50\/#breadcrumb\"},\"inLanguage\":\"es\",\"potentialAction\":[{\"@type\":\"ReadAction\",\"target\":[\"https:\/\/www.provesicsa.com\/index.php\/producto\/zapato-sicuro-si50\/\"]}]},{\"@type\":\"BreadcrumbList\",\"@id\":\"https:\/\/www.provesicsa.com\/index.php\/producto\/zapato-sicuro-si50\/#breadcrumb\",\"itemListElement\":[{\"@type\":\"ListItem\",\"position\":1,\"name\":\"Portada\",\"item\":\"https:\/\/www.provesicsa.com\/\"},{\"@type\":\"ListItem\",\"position\":2,\"name\":\"Cat\u00e1logo de productos\",\"item\":\"https:\/\/www.provesicsa.com\/index.php\/shop1\/\"},{\"@type\":\"ListItem\",\"position\":3,\"name\":\"Zapato Sicuro SI50\"}]}]}<\/script>\n<!-- \/ Yoast SEO plugin. -->","yoast_head_json":{"title":"Zapato Sicuro SI50 | Provesicsa Seguridad Industrial","robots":{"index":"index","follow":"follow","max-snippet":"max-snippet:-1","max-image-preview":"max-image-preview:large","max-video-preview":"max-video-preview:-1"},"canonical":"https:\/\/www.provesicsa.com\/index.php\/producto\/zapato-sicuro-si50\/","og_locale":"es_ES","og_type":"article","og_title":"Zapato Sicuro SI50 | Provesicsa Seguridad Industrial","og_description":"Tipo de protecci\u00f3n: Con puntera de protecci\u00f3n (PP) Corte: Tecnocuero Color: Gris Casco: Policarbonato Suela: Topa PU","og_url":"https:\/\/www.provesicsa.com\/index.php\/producto\/zapato-sicuro-si50\/","og_site_name":"Provesicsa Seguridad Industrial","article_publisher":"https:\/\/www.facebook.com\/ProvesicsaSeguridadIndustrial1\/","article_modified_time":"2023-06-02T18:08:59+00:00","og_image":[{"width":940,"height":1215,"url":"https:\/\/www.provesicsa.com\/wp-content\/uploads\/2022\/05\/SI50-ROSA.jpg","type":"image\/jpeg"}],"twitter_card":"summary_large_image","schema":{"@context":"https:\/\/schema.org","@graph":[{"@type":"Organization","@id":"https:\/\/www.provesicsa.com\/#organization","name":"Provesicsa Seguridad Industrial","url":"https:\/\/www.provesicsa.com\/","sameAs":["https:\/\/www.facebook.com\/ProvesicsaSeguridadIndustrial1\/","https:\/\/www.instagram.com\/provesicsaseguridadindustrial\/"],"logo":{"@type":"ImageObject","@id":"https:\/\/www.provesicsa.com\/#logo","inLanguage":"es","url":"https:\/\/www.provesicsa.com\/wp-content\/uploads\/2019\/08\/pagweb-1.png","contentUrl":"https:\/\/www.provesicsa.com\/wp-content\/uploads\/2019\/08\/pagweb-1.png","width":360,"height":160,"caption":"Provesicsa Seguridad Industrial"},"image":{"@id":"https:\/\/www.provesicsa.com\/#logo"}},{"@type":"WebSite","@id":"https:\/\/www.provesicsa.com\/#website","url":"https:\/\/www.provesicsa.com\/","name":"Provesicsa Seguridad Industrial","description":"Venta de equipo de seguridad industrial y contra incendio","publisher":{"@id":"https:\/\/www.provesicsa.com\/#organization"},"potentialAction":[{"@type":"SearchAction","target":{"@type":"EntryPoint","urlTemplate":"https:\/\/www.provesicsa.com\/?s={search_term_string}"},"query-input":"required name=search_term_string"}],"inLanguage":"es"},{"@type":"ImageObject","@id":"https:\/\/www.provesicsa.com\/index.php\/producto\/zapato-sicuro-si50\/#primaryimage","inLanguage":"es","url":"https:\/\/www.provesicsa.com\/wp-content\/uploads\/2022\/05\/SI50-ROSA.jpg","contentUrl":"https:\/\/www.provesicsa.com\/wp-content\/uploads\/2022\/05\/SI50-ROSA.jpg","width":940,"height":1215},{"@type":"WebPage","@id":"https:\/\/www.provesicsa.com\/index.php\/producto\/zapato-sicuro-si50\/#webpage","url":"https:\/\/www.provesicsa.com\/index.php\/producto\/zapato-sicuro-si50\/","name":"Zapato Sicuro SI50 | Provesicsa Seguridad Industrial","isPartOf":{"@id":"https:\/\/www.provesicsa.com\/#website"},"primaryImageOfPage":{"@id":"https:\/\/www.provesicsa.com\/index.php\/producto\/zapato-sicuro-si50\/#primaryimage"},"datePublished":"2022-05-26T18:45:44+00:00","dateModified":"2023-06-02T18:08:59+00:00","breadcrumb":{"@id":"https:\/\/www.provesicsa.com\/index.php\/producto\/zapato-sicuro-si50\/#breadcrumb"},"inLanguage":"es","potentialAction":[{"@type":"ReadAction","target":["https:\/\/www.provesicsa.com\/index.php\/producto\/zapato-sicuro-si50\/"]}]},{"@type":"BreadcrumbList","@id":"https:\/\/www.provesicsa.com\/index.php\/producto\/zapato-sicuro-si50\/#breadcrumb","itemListElement":[{"@type":"ListItem","position":1,"name":"Portada","item":"https:\/\/www.provesicsa.com\/"},{"@type":"ListItem","position":2,"name":"Cat\u00e1logo de productos","item":"https:\/\/www.provesicsa.com\/index.php\/shop1\/"},{"@type":"ListItem","position":3,"name":"Zapato Sicuro SI50"}]}]}},"uagb_featured_image_src":{"full":["https:\/\/www.provesicsa.com\/wp-content\/uploads\/2022\/05\/SI50-ROSA.jpg",940,1215,false],"thumbnail":["https:\/\/www.provesicsa.com\/wp-content\/uploads\/2022\/05\/SI50-ROSA-180x180.jpg",180,180,true],"medium":["https:\/\/www.provesicsa.com\/wp-content\/uploads\/2022\/05\/SI50-ROSA-232x300.jpg",232,300,true],"medium_large":["https:\/\/www.provesicsa.com\/wp-content\/uploads\/2022\/05\/SI50-ROSA-768x993.jpg",768,993,true],"large":["https:\/\/www.provesicsa.com\/wp-content\/uploads\/2022\/05\/SI50-ROSA-232x300.jpg",232,300,true],"wpmtpv2-thumb":["https:\/\/www.provesicsa.com\/wp-content\/uploads\/2022\/05\/SI50-ROSA-250x250.jpg",250,250,true],"wpmtpv2-single":["https:\/\/www.provesicsa.com\/wp-content\/uploads\/2022\/05\/SI50-ROSA-232x300.jpg",232,300,true],"wpmtpv2-admin-thumb":["https:\/\/www.provesicsa.com\/wp-content\/uploads\/2022\/05\/SI50-ROSA-90x90.jpg",90,90,true],"1536x1536":["https:\/\/www.provesicsa.com\/wp-content\/uploads\/2022\/05\/SI50-ROSA.jpg",940,1215,false],"2048x2048":["https:\/\/www.provesicsa.com\/wp-content\/uploads\/2022\/05\/SI50-ROSA.jpg",940,1215,false],"woocommerce_thumbnail":["https:\/\/www.provesicsa.com\/wp-content\/uploads\/2022\/05\/SI50-ROSA-300x300.jpg",300,300,true],"woocommerce_single":["https:\/\/www.provesicsa.com\/wp-content\/uploads\/2022\/05\/SI50-ROSA-300x388.jpg",300,388,true],"woocommerce_gallery_thumbnail":["https:\/\/www.provesicsa.com\/wp-content\/uploads\/2022\/05\/SI50-ROSA-100x100.jpg",100,100,true],"shop_catalog":["https:\/\/www.provesicsa.com\/wp-content\/uploads\/2022\/05\/SI50-ROSA-300x300.jpg",300,300,true],"shop_single":["https:\/\/www.provesicsa.com\/wp-content\/uploads\/2022\/05\/SI50-ROSA-300x388.jpg",300,388,true],"shop_thumbnail":["https:\/\/www.provesicsa.com\/wp-content\/uploads\/2022\/05\/SI50-ROSA-100x100.jpg",100,100,true]},"uagb_author_info":{"display_name":"mkt","author_link":"https:\/\/www.provesicsa.com\/index.php\/author\/"},"uagb_comment_info":0,"uagb_excerpt":"Tipo de protecci\u00f3n: Con puntera de protecci\u00f3n (PP) Corte: Tecnocuero Color: Gris Casco: Policarbonato Suela: Topa PU","post_mailing_queue_ids":[],"_links":{"self":[{"href":"https:\/\/www.provesicsa.com\/index.php\/wp-json\/wp\/v2\/product\/15271"}],"collection":[{"href":"https:\/\/www.provesicsa.com\/index.php\/wp-json\/wp\/v2\/product"}],"about":[{"href":"https:\/\/www.provesicsa.com\/index.php\/wp-json\/wp\/v2\/types\/product"}],"version-history":[{"count":1,"href":"https:\/\/www.provesicsa.com\/index.php\/wp-json\/wp\/v2\/product\/15271\/revisions"}],"predecessor-version":[{"id":15276,"href":"https:\/\/www.provesicsa.com\/index.php\/wp-json\/wp\/v2\/product\/15271\/revisions\/15276"}],"wp:featuredmedia":[{"embeddable":true,"href":"https:\/\/www.provesicsa.com\/index.php\/wp-json\/wp\/v2\/media\/15272"}],"wp:attachment":[{"href":"https:\/\/www.provesicsa.com\/index.php\/wp-json\/wp\/v2\/media?parent=15271"}],"curies":[{"name":"wp","href":"https:\/\/api.w.org\/{rel}","templated":true}]}}