{"id":2737,"date":"2015-09-30T09:43:39","date_gmt":"2015-09-30T15:43:39","guid":{"rendered":"http:\/\/provesicsa.com\/index.php\/producto\/zapato-berrendo-141-con-punta-negro\/"},"modified":"2020-11-03T10:58:11","modified_gmt":"2020-11-03T17:58:11","slug":"zapa141","status":"publish","type":"product","link":"https:\/\/www.provesicsa.com\/index.php\/producto\/zapa141\/","title":{"rendered":"Berrendo 141"},"content":{"rendered":"\t\t<div data-elementor-type=\"wp-post\" data-elementor-id=\"2737\" class=\"elementor elementor-2737\">\n\t\t\t\t\t\t<div class=\"elementor-inner\">\n\t\t\t\t<div class=\"elementor-section-wrap\">\n\t\t\t\t\t\t\t\t\t<section class=\"elementor-section elementor-top-section elementor-element elementor-element-2fcc658 elementor-section-boxed elementor-section-height-default elementor-section-height-default\" data-id=\"2fcc658\" data-element_type=\"section\">\n\t\t\t\t\t\t<div class=\"elementor-container elementor-column-gap-default\">\n\t\t\t\t\t\t\t<div class=\"elementor-row\">\n\t\t\t\t\t<div class=\"elementor-column elementor-col-100 elementor-top-column elementor-element elementor-element-8ec9521\" data-id=\"8ec9521\" data-element_type=\"column\">\n\t\t\t<div class=\"elementor-column-wrap elementor-element-populated\">\n\t\t\t\t\t\t\t<div class=\"elementor-widget-wrap\">\n\t\t\t\t\t\t<div class=\"elementor-element elementor-element-547c69e elementor-widget elementor-widget-text-editor\" data-id=\"547c69e\" data-element_type=\"widget\" data-widget_type=\"text-editor.default\">\n\t\t\t\t<div class=\"elementor-widget-container\">\n\t\t\t\t\t\t\t\t<div class=\"elementor-text-editor elementor-clearfix\">\n\t\t\t\t<p>Descripci\u00f3n:<\/p><p>&#8211; Tipo de protecci\u00f3n: PP<br \/>&#8211; Corte: Piel<br \/>&#8211; Color: Negro<br \/>&#8211; Casco: Met\u00e1lico<br \/>&#8211; Suela: Oval negro<br \/>&#8211; Construcci\u00f3n: Good Year Welt 360\u00b0<br \/>&#8211; Certificaci\u00f3n: NOM-113-STPS-2009, ASTMF2413-11<\/p><p><a href=\"http:\/\/berrendo.com\/\"><img loading=\"lazy\" decoding=\"async\" class=\"wp-image-6645 alignleft\" src=\"http:\/\/www.provesicsa.com\/wp-content\/uploads\/2015\/09\/berrendo-300x217.jpg\" alt=\"\" width=\"122\" height=\"88\" srcset=\"https:\/\/www.provesicsa.com\/wp-content\/uploads\/2015\/09\/berrendo-300x217.jpg 300w, https:\/\/www.provesicsa.com\/wp-content\/uploads\/2015\/09\/berrendo-768x556.jpg 768w, https:\/\/www.provesicsa.com\/wp-content\/uploads\/2015\/09\/berrendo-691x500.jpg 691w, https:\/\/www.provesicsa.com\/wp-content\/uploads\/2015\/09\/berrendo-415x300.jpg 415w, https:\/\/www.provesicsa.com\/wp-content\/uploads\/2015\/09\/berrendo.jpg 1110w\" sizes=\"(max-width: 122px) 100vw, 122px\" \/><\/a><\/p>\t\t\t\t\t<\/div>\n\t\t\t\t\t\t<\/div>\n\t\t\t\t<\/div>\n\t\t\t\t\t\t<\/div>\n\t\t\t\t\t<\/div>\n\t\t<\/div>\n\t\t\t\t\t\t\t\t<\/div>\n\t\t\t\t\t<\/div>\n\t\t<\/section>\n\t\t\t\t<section class=\"elementor-section elementor-top-section elementor-element elementor-element-8b31128 elementor-section-boxed elementor-section-height-default elementor-section-height-default\" data-id=\"8b31128\" data-element_type=\"section\">\n\t\t\t\t\t\t<div class=\"elementor-container elementor-column-gap-default\">\n\t\t\t\t\t\t\t<div class=\"elementor-row\">\n\t\t\t\t\t<div class=\"elementor-column elementor-col-100 elementor-top-column elementor-element elementor-element-f42c3a1\" data-id=\"f42c3a1\" data-element_type=\"column\">\n\t\t\t<div class=\"elementor-column-wrap elementor-element-populated\">\n\t\t\t\t\t\t\t<div class=\"elementor-widget-wrap\">\n\t\t\t\t\t\t<div class=\"elementor-element elementor-element-c9b69f6 elementor-widget elementor-widget-spacer\" data-id=\"c9b69f6\" data-element_type=\"widget\" data-widget_type=\"spacer.default\">\n\t\t\t\t<div class=\"elementor-widget-container\">\n\t\t\t\t\t<div class=\"elementor-spacer\">\n\t\t\t<div class=\"elementor-spacer-inner\"><\/div>\n\t\t<\/div>\n\t\t\t\t<\/div>\n\t\t\t\t<\/div>\n\t\t\t\t\t\t<\/div>\n\t\t\t\t\t<\/div>\n\t\t<\/div>\n\t\t\t\t\t\t\t\t<\/div>\n\t\t\t\t\t<\/div>\n\t\t<\/section>\n\t\t\t\t\t\t\t\t\t<\/div>\n\t\t\t<\/div>\n\t\t\t\t\t<\/div>\n\t\t","protected":false},"excerpt":{"rendered":"<p>Descripci\u00f3n: &#8211; Tipo de protecci\u00f3n: PP&#8211; Corte: Piel&#8211; Color: Negro&#8211; Casco: Met\u00e1lico&#8211; Suela: Oval negro&#8211; Construcci\u00f3n: Good Year Welt 360\u00b0&#8211; Certificaci\u00f3n: NOM-113-STPS-2009, ASTMF2413-11<\/p>\n","protected":false},"featured_media":9095,"template":"","meta":{"_uag_custom_page_level_css":""},"class_list":{"0":"post-2737","1":"product","2":"type-product","3":"status-publish","4":"has-post-thumbnail","6":"product_cat-calzado-acero","8":"first","9":"instock","10":"taxable","11":"shipping-taxable","12":"product-type-simple"},"yoast_head":"<!-- This site is optimized with the Yoast SEO plugin v18.1 - https:\/\/yoast.com\/wordpress\/plugins\/seo\/ -->\n<title>Berrendo 141 | Provesicsa Seguridad Industrial<\/title>\n<meta name=\"description\" content=\"Zapato de trabajo Berrendo 141. Hacemos env\u00edos a toda la rep\u00fablica mexicana. Ll\u00e1manos al 018005071241 para mayores informes.\" \/>\n<meta name=\"robots\" content=\"index, follow, max-snippet:-1, max-image-preview:large, max-video-preview:-1\" \/>\n<link rel=\"canonical\" href=\"https:\/\/www.provesicsa.com\/index.php\/producto\/zapa141\/\" \/>\n<meta property=\"og:locale\" content=\"es_ES\" \/>\n<meta property=\"og:type\" content=\"article\" \/>\n<meta property=\"og:title\" content=\"Berrendo 141 | Provesicsa Seguridad Industrial\" \/>\n<meta property=\"og:description\" content=\"Zapato de trabajo Berrendo 141. Hacemos env\u00edos a toda la rep\u00fablica mexicana. Ll\u00e1manos al 018005071241 para mayores informes.\" \/>\n<meta property=\"og:url\" content=\"https:\/\/www.provesicsa.com\/index.php\/producto\/zapa141\/\" \/>\n<meta property=\"og:site_name\" content=\"Provesicsa Seguridad Industrial\" \/>\n<meta property=\"article:publisher\" content=\"https:\/\/www.facebook.com\/ProvesicsaSeguridadIndustrial1\/\" \/>\n<meta property=\"article:modified_time\" content=\"2020-11-03T17:58:11+00:00\" \/>\n<meta property=\"og:image\" content=\"https:\/\/www.provesicsa.com\/wp-content\/uploads\/2015\/09\/zapa141-3.jpg\" \/>\n\t<meta property=\"og:image:width\" content=\"600\" \/>\n\t<meta property=\"og:image:height\" content=\"600\" \/>\n\t<meta property=\"og:image:type\" content=\"image\/jpeg\" \/>\n<meta name=\"twitter:card\" content=\"summary_large_image\" \/>\n<script type=\"application\/ld+json\" class=\"yoast-schema-graph\">{\"@context\":\"https:\/\/schema.org\",\"@graph\":[{\"@type\":\"Organization\",\"@id\":\"https:\/\/www.provesicsa.com\/#organization\",\"name\":\"Provesicsa Seguridad Industrial\",\"url\":\"https:\/\/www.provesicsa.com\/\",\"sameAs\":[\"https:\/\/www.facebook.com\/ProvesicsaSeguridadIndustrial1\/\",\"https:\/\/www.instagram.com\/provesicsaseguridadindustrial\/\"],\"logo\":{\"@type\":\"ImageObject\",\"@id\":\"https:\/\/www.provesicsa.com\/#logo\",\"inLanguage\":\"es\",\"url\":\"https:\/\/www.provesicsa.com\/wp-content\/uploads\/2019\/08\/pagweb-1.png\",\"contentUrl\":\"https:\/\/www.provesicsa.com\/wp-content\/uploads\/2019\/08\/pagweb-1.png\",\"width\":360,\"height\":160,\"caption\":\"Provesicsa Seguridad Industrial\"},\"image\":{\"@id\":\"https:\/\/www.provesicsa.com\/#logo\"}},{\"@type\":\"WebSite\",\"@id\":\"https:\/\/www.provesicsa.com\/#website\",\"url\":\"https:\/\/www.provesicsa.com\/\",\"name\":\"Provesicsa Seguridad Industrial\",\"description\":\"Venta de equipo de seguridad industrial y contra incendio\",\"publisher\":{\"@id\":\"https:\/\/www.provesicsa.com\/#organization\"},\"potentialAction\":[{\"@type\":\"SearchAction\",\"target\":{\"@type\":\"EntryPoint\",\"urlTemplate\":\"https:\/\/www.provesicsa.com\/?s={search_term_string}\"},\"query-input\":\"required name=search_term_string\"}],\"inLanguage\":\"es\"},{\"@type\":\"ImageObject\",\"@id\":\"https:\/\/www.provesicsa.com\/index.php\/producto\/zapa141\/#primaryimage\",\"inLanguage\":\"es\",\"url\":\"https:\/\/www.provesicsa.com\/wp-content\/uploads\/2015\/09\/zapa141-3.jpg\",\"contentUrl\":\"https:\/\/www.provesicsa.com\/wp-content\/uploads\/2015\/09\/zapa141-3.jpg\",\"width\":600,\"height\":600},{\"@type\":\"WebPage\",\"@id\":\"https:\/\/www.provesicsa.com\/index.php\/producto\/zapa141\/#webpage\",\"url\":\"https:\/\/www.provesicsa.com\/index.php\/producto\/zapa141\/\",\"name\":\"Berrendo 141 | Provesicsa Seguridad Industrial\",\"isPartOf\":{\"@id\":\"https:\/\/www.provesicsa.com\/#website\"},\"primaryImageOfPage\":{\"@id\":\"https:\/\/www.provesicsa.com\/index.php\/producto\/zapa141\/#primaryimage\"},\"datePublished\":\"2015-09-30T15:43:39+00:00\",\"dateModified\":\"2020-11-03T17:58:11+00:00\",\"description\":\"Zapato de trabajo Berrendo 141. Hacemos env\u00edos a toda la rep\u00fablica mexicana. Ll\u00e1manos al 018005071241 para mayores informes.\",\"breadcrumb\":{\"@id\":\"https:\/\/www.provesicsa.com\/index.php\/producto\/zapa141\/#breadcrumb\"},\"inLanguage\":\"es\",\"potentialAction\":[{\"@type\":\"ReadAction\",\"target\":[\"https:\/\/www.provesicsa.com\/index.php\/producto\/zapa141\/\"]}]},{\"@type\":\"BreadcrumbList\",\"@id\":\"https:\/\/www.provesicsa.com\/index.php\/producto\/zapa141\/#breadcrumb\",\"itemListElement\":[{\"@type\":\"ListItem\",\"position\":1,\"name\":\"Portada\",\"item\":\"https:\/\/www.provesicsa.com\/\"},{\"@type\":\"ListItem\",\"position\":2,\"name\":\"Cat\u00e1logo de productos\",\"item\":\"https:\/\/www.provesicsa.com\/index.php\/shop1\/\"},{\"@type\":\"ListItem\",\"position\":3,\"name\":\"Berrendo 141\"}]}]}<\/script>\n<!-- \/ Yoast SEO plugin. -->","yoast_head_json":{"title":"Berrendo 141 | Provesicsa Seguridad Industrial","description":"Zapato de trabajo Berrendo 141. Hacemos env\u00edos a toda la rep\u00fablica mexicana. Ll\u00e1manos al 018005071241 para mayores informes.","robots":{"index":"index","follow":"follow","max-snippet":"max-snippet:-1","max-image-preview":"max-image-preview:large","max-video-preview":"max-video-preview:-1"},"canonical":"https:\/\/www.provesicsa.com\/index.php\/producto\/zapa141\/","og_locale":"es_ES","og_type":"article","og_title":"Berrendo 141 | Provesicsa Seguridad Industrial","og_description":"Zapato de trabajo Berrendo 141. Hacemos env\u00edos a toda la rep\u00fablica mexicana. Ll\u00e1manos al 018005071241 para mayores informes.","og_url":"https:\/\/www.provesicsa.com\/index.php\/producto\/zapa141\/","og_site_name":"Provesicsa Seguridad Industrial","article_publisher":"https:\/\/www.facebook.com\/ProvesicsaSeguridadIndustrial1\/","article_modified_time":"2020-11-03T17:58:11+00:00","og_image":[{"width":600,"height":600,"url":"https:\/\/www.provesicsa.com\/wp-content\/uploads\/2015\/09\/zapa141-3.jpg","type":"image\/jpeg"}],"twitter_card":"summary_large_image","schema":{"@context":"https:\/\/schema.org","@graph":[{"@type":"Organization","@id":"https:\/\/www.provesicsa.com\/#organization","name":"Provesicsa Seguridad Industrial","url":"https:\/\/www.provesicsa.com\/","sameAs":["https:\/\/www.facebook.com\/ProvesicsaSeguridadIndustrial1\/","https:\/\/www.instagram.com\/provesicsaseguridadindustrial\/"],"logo":{"@type":"ImageObject","@id":"https:\/\/www.provesicsa.com\/#logo","inLanguage":"es","url":"https:\/\/www.provesicsa.com\/wp-content\/uploads\/2019\/08\/pagweb-1.png","contentUrl":"https:\/\/www.provesicsa.com\/wp-content\/uploads\/2019\/08\/pagweb-1.png","width":360,"height":160,"caption":"Provesicsa Seguridad Industrial"},"image":{"@id":"https:\/\/www.provesicsa.com\/#logo"}},{"@type":"WebSite","@id":"https:\/\/www.provesicsa.com\/#website","url":"https:\/\/www.provesicsa.com\/","name":"Provesicsa Seguridad Industrial","description":"Venta de equipo de seguridad industrial y contra incendio","publisher":{"@id":"https:\/\/www.provesicsa.com\/#organization"},"potentialAction":[{"@type":"SearchAction","target":{"@type":"EntryPoint","urlTemplate":"https:\/\/www.provesicsa.com\/?s={search_term_string}"},"query-input":"required name=search_term_string"}],"inLanguage":"es"},{"@type":"ImageObject","@id":"https:\/\/www.provesicsa.com\/index.php\/producto\/zapa141\/#primaryimage","inLanguage":"es","url":"https:\/\/www.provesicsa.com\/wp-content\/uploads\/2015\/09\/zapa141-3.jpg","contentUrl":"https:\/\/www.provesicsa.com\/wp-content\/uploads\/2015\/09\/zapa141-3.jpg","width":600,"height":600},{"@type":"WebPage","@id":"https:\/\/www.provesicsa.com\/index.php\/producto\/zapa141\/#webpage","url":"https:\/\/www.provesicsa.com\/index.php\/producto\/zapa141\/","name":"Berrendo 141 | Provesicsa Seguridad Industrial","isPartOf":{"@id":"https:\/\/www.provesicsa.com\/#website"},"primaryImageOfPage":{"@id":"https:\/\/www.provesicsa.com\/index.php\/producto\/zapa141\/#primaryimage"},"datePublished":"2015-09-30T15:43:39+00:00","dateModified":"2020-11-03T17:58:11+00:00","description":"Zapato de trabajo Berrendo 141. Hacemos env\u00edos a toda la rep\u00fablica mexicana. Ll\u00e1manos al 018005071241 para mayores informes.","breadcrumb":{"@id":"https:\/\/www.provesicsa.com\/index.php\/producto\/zapa141\/#breadcrumb"},"inLanguage":"es","potentialAction":[{"@type":"ReadAction","target":["https:\/\/www.provesicsa.com\/index.php\/producto\/zapa141\/"]}]},{"@type":"BreadcrumbList","@id":"https:\/\/www.provesicsa.com\/index.php\/producto\/zapa141\/#breadcrumb","itemListElement":[{"@type":"ListItem","position":1,"name":"Portada","item":"https:\/\/www.provesicsa.com\/"},{"@type":"ListItem","position":2,"name":"Cat\u00e1logo de productos","item":"https:\/\/www.provesicsa.com\/index.php\/shop1\/"},{"@type":"ListItem","position":3,"name":"Berrendo 141"}]}]}},"uagb_featured_image_src":{"full":["https:\/\/www.provesicsa.com\/wp-content\/uploads\/2015\/09\/zapa141-3.jpg",600,600,false],"thumbnail":["https:\/\/www.provesicsa.com\/wp-content\/uploads\/2015\/09\/zapa141-3-180x180.jpg",180,180,true],"medium":["https:\/\/www.provesicsa.com\/wp-content\/uploads\/2015\/09\/zapa141-3-300x300.jpg",300,300,true],"medium_large":["https:\/\/www.provesicsa.com\/wp-content\/uploads\/2015\/09\/zapa141-3.jpg",600,600,false],"large":["https:\/\/www.provesicsa.com\/wp-content\/uploads\/2015\/09\/zapa141-3-300x300.jpg",300,300,true],"wpmtpv2-thumb":["https:\/\/www.provesicsa.com\/wp-content\/uploads\/2015\/09\/zapa141-3-250x250.jpg",250,250,true],"wpmtpv2-single":["https:\/\/www.provesicsa.com\/wp-content\/uploads\/2015\/09\/zapa141-3-300x300.jpg",300,300,true],"wpmtpv2-admin-thumb":["https:\/\/www.provesicsa.com\/wp-content\/uploads\/2015\/09\/zapa141-3-90x90.jpg",90,90,true],"1536x1536":["https:\/\/www.provesicsa.com\/wp-content\/uploads\/2015\/09\/zapa141-3.jpg",600,600,false],"2048x2048":["https:\/\/www.provesicsa.com\/wp-content\/uploads\/2015\/09\/zapa141-3.jpg",600,600,false],"woocommerce_thumbnail":["https:\/\/www.provesicsa.com\/wp-content\/uploads\/2015\/09\/zapa141-3-300x300.jpg",300,300,true],"woocommerce_single":["https:\/\/www.provesicsa.com\/wp-content\/uploads\/2015\/09\/zapa141-3-300x300.jpg",300,300,true],"woocommerce_gallery_thumbnail":["https:\/\/www.provesicsa.com\/wp-content\/uploads\/2015\/09\/zapa141-3-100x100.jpg",100,100,true],"shop_catalog":["https:\/\/www.provesicsa.com\/wp-content\/uploads\/2015\/09\/zapa141-3-300x300.jpg",300,300,true],"shop_single":["https:\/\/www.provesicsa.com\/wp-content\/uploads\/2015\/09\/zapa141-3-300x300.jpg",300,300,true],"shop_thumbnail":["https:\/\/www.provesicsa.com\/wp-content\/uploads\/2015\/09\/zapa141-3-100x100.jpg",100,100,true]},"uagb_author_info":{"display_name":"mkt","author_link":"https:\/\/www.provesicsa.com\/index.php\/author\/"},"uagb_comment_info":0,"uagb_excerpt":"Descripci\u00f3n: &#8211; Tipo de protecci\u00f3n: PP&#8211; Corte: Piel&#8211; Color: Negro&#8211; Casco: Met\u00e1lico&#8211; Suela: Oval negro&#8211; Construcci\u00f3n: Good Year Welt 360\u00b0&#8211; Certificaci\u00f3n: NOM-113-STPS-2009, ASTMF2413-11","post_mailing_queue_ids":[],"_links":{"self":[{"href":"https:\/\/www.provesicsa.com\/index.php\/wp-json\/wp\/v2\/product\/2737"}],"collection":[{"href":"https:\/\/www.provesicsa.com\/index.php\/wp-json\/wp\/v2\/product"}],"about":[{"href":"https:\/\/www.provesicsa.com\/index.php\/wp-json\/wp\/v2\/types\/product"}],"version-history":[{"count":7,"href":"https:\/\/www.provesicsa.com\/index.php\/wp-json\/wp\/v2\/product\/2737\/revisions"}],"predecessor-version":[{"id":12550,"href":"https:\/\/www.provesicsa.com\/index.php\/wp-json\/wp\/v2\/product\/2737\/revisions\/12550"}],"wp:featuredmedia":[{"embeddable":true,"href":"https:\/\/www.provesicsa.com\/index.php\/wp-json\/wp\/v2\/media\/9095"}],"wp:attachment":[{"href":"https:\/\/www.provesicsa.com\/index.php\/wp-json\/wp\/v2\/media?parent=2737"}],"curies":[{"name":"wp","href":"https:\/\/api.w.org\/{rel}","templated":true}]}}