{"id":2739,"date":"2015-09-30T09:43:44","date_gmt":"2015-09-30T15:43:44","guid":{"rendered":"http:\/\/provesicsa.com\/index.php\/producto\/zapato-berrendo-154w-cafe-suela-alpina\/"},"modified":"2020-11-03T09:20:12","modified_gmt":"2020-11-03T16:20:12","slug":"zapa154","status":"publish","type":"product","link":"https:\/\/www.provesicsa.com\/index.php\/producto\/zapa154\/","title":{"rendered":"Berrendo 154"},"content":{"rendered":"\t\t<div data-elementor-type=\"wp-post\" data-elementor-id=\"2739\" class=\"elementor elementor-2739\">\n\t\t\t\t\t\t<div class=\"elementor-inner\">\n\t\t\t\t<div class=\"elementor-section-wrap\">\n\t\t\t\t\t\t\t\t\t<section class=\"elementor-section elementor-top-section elementor-element elementor-element-94de32c elementor-section-boxed elementor-section-height-default elementor-section-height-default\" data-id=\"94de32c\" data-element_type=\"section\">\n\t\t\t\t\t\t<div class=\"elementor-container elementor-column-gap-default\">\n\t\t\t\t\t\t\t<div class=\"elementor-row\">\n\t\t\t\t\t<div class=\"elementor-column elementor-col-100 elementor-top-column elementor-element elementor-element-cce695e\" data-id=\"cce695e\" data-element_type=\"column\">\n\t\t\t<div class=\"elementor-column-wrap elementor-element-populated\">\n\t\t\t\t\t\t\t<div class=\"elementor-widget-wrap\">\n\t\t\t\t\t\t<div class=\"elementor-element elementor-element-5822440 elementor-widget elementor-widget-text-editor\" data-id=\"5822440\" data-element_type=\"widget\" data-widget_type=\"text-editor.default\">\n\t\t\t\t<div class=\"elementor-widget-container\">\n\t\t\t\t\t\t\t\t<div class=\"elementor-text-editor elementor-clearfix\">\n\t\t\t\t<p>Descripci\u00f3n:<\/p><p>&#8211; Tipo de protecci\u00f3n: PP<br \/>&#8211; Corte: Piel<br \/>&#8211; Color: Caf\u00e9<br \/>&#8211; Casco: Met\u00e1lico, astiplex<br \/>&#8211; Suela: Alpina SBR, diel\u00e9ctrico<br \/>&#8211; Construcci\u00f3n: Good Year Welt 360\u00b0<br \/>&#8211; Certificaci\u00f3n: NOM-113-STPS-2009, ASTMF2413-11<\/p><p><a href=\"http:\/\/berrendo.com\/\"><img loading=\"lazy\" decoding=\"async\" class=\"wp-image-6645 alignleft\" src=\"http:\/\/www.provesicsa.com\/wp-content\/uploads\/2015\/09\/berrendo-300x217.jpg\" alt=\"\" width=\"122\" height=\"88\" srcset=\"https:\/\/www.provesicsa.com\/wp-content\/uploads\/2015\/09\/berrendo-300x217.jpg 300w, https:\/\/www.provesicsa.com\/wp-content\/uploads\/2015\/09\/berrendo-768x556.jpg 768w, https:\/\/www.provesicsa.com\/wp-content\/uploads\/2015\/09\/berrendo-691x500.jpg 691w, https:\/\/www.provesicsa.com\/wp-content\/uploads\/2015\/09\/berrendo-415x300.jpg 415w, https:\/\/www.provesicsa.com\/wp-content\/uploads\/2015\/09\/berrendo.jpg 1110w\" sizes=\"(max-width: 122px) 100vw, 122px\" \/><\/a><\/p>\t\t\t\t\t<\/div>\n\t\t\t\t\t\t<\/div>\n\t\t\t\t<\/div>\n\t\t\t\t\t\t<\/div>\n\t\t\t\t\t<\/div>\n\t\t<\/div>\n\t\t\t\t\t\t\t\t<\/div>\n\t\t\t\t\t<\/div>\n\t\t<\/section>\n\t\t\t\t<section class=\"elementor-section elementor-top-section elementor-element elementor-element-99cc07a elementor-section-boxed elementor-section-height-default elementor-section-height-default\" data-id=\"99cc07a\" data-element_type=\"section\">\n\t\t\t\t\t\t<div class=\"elementor-container elementor-column-gap-default\">\n\t\t\t\t\t\t\t<div class=\"elementor-row\">\n\t\t\t\t\t<div class=\"elementor-column elementor-col-100 elementor-top-column elementor-element elementor-element-f91a4d1\" data-id=\"f91a4d1\" data-element_type=\"column\">\n\t\t\t<div class=\"elementor-column-wrap elementor-element-populated\">\n\t\t\t\t\t\t\t<div class=\"elementor-widget-wrap\">\n\t\t\t\t\t\t<div class=\"elementor-element elementor-element-70b1f02 elementor-widget elementor-widget-spacer\" data-id=\"70b1f02\" data-element_type=\"widget\" data-widget_type=\"spacer.default\">\n\t\t\t\t<div class=\"elementor-widget-container\">\n\t\t\t\t\t<div class=\"elementor-spacer\">\n\t\t\t<div class=\"elementor-spacer-inner\"><\/div>\n\t\t<\/div>\n\t\t\t\t<\/div>\n\t\t\t\t<\/div>\n\t\t\t\t\t\t<\/div>\n\t\t\t\t\t<\/div>\n\t\t<\/div>\n\t\t\t\t\t\t\t\t<\/div>\n\t\t\t\t\t<\/div>\n\t\t<\/section>\n\t\t\t\t\t\t\t\t\t<\/div>\n\t\t\t<\/div>\n\t\t\t\t\t<\/div>\n\t\t","protected":false},"excerpt":{"rendered":"<p>Descripci\u00f3n: &#8211; Tipo de protecci\u00f3n: PP&#8211; Corte: Piel&#8211; Color: Caf\u00e9&#8211; Casco: Met\u00e1lico, astiplex&#8211; Suela: Alpina SBR, diel\u00e9ctrico&#8211; Construcci\u00f3n: Good Year Welt 360\u00b0&#8211; Certificaci\u00f3n: NOM-113-STPS-2009, ASTMF2413-11<\/p>\n","protected":false},"featured_media":9115,"template":"","meta":{"_uag_custom_page_level_css":""},"class_list":{"0":"post-2739","1":"product","2":"type-product","3":"status-publish","4":"has-post-thumbnail","6":"product_cat-calzado-dielectrico","7":"product_cat-calzado-acero","9":"first","10":"instock","11":"taxable","12":"shipping-taxable","13":"product-type-simple"},"yoast_head":"<!-- This site is optimized with the Yoast SEO plugin v18.1 - https:\/\/yoast.com\/wordpress\/plugins\/seo\/ -->\n<title>Berrendo 154 | Provesicsa Seguridad Industrial<\/title>\n<meta name=\"description\" content=\"Zapato de trabajo Berrendo 154. Hacemos env\u00edos a toda la rep\u00fablica mexicana. Ll\u00e1manos al 018005071241 para mayores informes.\" \/>\n<meta name=\"robots\" content=\"index, follow, max-snippet:-1, max-image-preview:large, max-video-preview:-1\" \/>\n<link rel=\"canonical\" href=\"https:\/\/www.provesicsa.com\/index.php\/producto\/zapa154\/\" \/>\n<meta property=\"og:locale\" content=\"es_ES\" \/>\n<meta property=\"og:type\" content=\"article\" \/>\n<meta property=\"og:title\" content=\"Berrendo 154 | Provesicsa Seguridad Industrial\" \/>\n<meta property=\"og:description\" content=\"Zapato de trabajo Berrendo 154. Hacemos env\u00edos a toda la rep\u00fablica mexicana. Ll\u00e1manos al 018005071241 para mayores informes.\" \/>\n<meta property=\"og:url\" content=\"https:\/\/www.provesicsa.com\/index.php\/producto\/zapa154\/\" \/>\n<meta property=\"og:site_name\" content=\"Provesicsa Seguridad Industrial\" \/>\n<meta property=\"article:publisher\" content=\"https:\/\/www.facebook.com\/ProvesicsaSeguridadIndustrial1\/\" \/>\n<meta property=\"article:modified_time\" content=\"2020-11-03T16:20:12+00:00\" \/>\n<meta property=\"og:image\" content=\"https:\/\/www.provesicsa.com\/wp-content\/uploads\/2015\/09\/ZAPA154.1.jpg\" \/>\n\t<meta property=\"og:image:width\" content=\"600\" \/>\n\t<meta property=\"og:image:height\" content=\"600\" \/>\n\t<meta property=\"og:image:type\" content=\"image\/jpeg\" \/>\n<meta name=\"twitter:card\" content=\"summary_large_image\" \/>\n<script type=\"application\/ld+json\" class=\"yoast-schema-graph\">{\"@context\":\"https:\/\/schema.org\",\"@graph\":[{\"@type\":\"Organization\",\"@id\":\"https:\/\/www.provesicsa.com\/#organization\",\"name\":\"Provesicsa Seguridad Industrial\",\"url\":\"https:\/\/www.provesicsa.com\/\",\"sameAs\":[\"https:\/\/www.facebook.com\/ProvesicsaSeguridadIndustrial1\/\",\"https:\/\/www.instagram.com\/provesicsaseguridadindustrial\/\"],\"logo\":{\"@type\":\"ImageObject\",\"@id\":\"https:\/\/www.provesicsa.com\/#logo\",\"inLanguage\":\"es\",\"url\":\"https:\/\/www.provesicsa.com\/wp-content\/uploads\/2019\/08\/pagweb-1.png\",\"contentUrl\":\"https:\/\/www.provesicsa.com\/wp-content\/uploads\/2019\/08\/pagweb-1.png\",\"width\":360,\"height\":160,\"caption\":\"Provesicsa Seguridad Industrial\"},\"image\":{\"@id\":\"https:\/\/www.provesicsa.com\/#logo\"}},{\"@type\":\"WebSite\",\"@id\":\"https:\/\/www.provesicsa.com\/#website\",\"url\":\"https:\/\/www.provesicsa.com\/\",\"name\":\"Provesicsa Seguridad Industrial\",\"description\":\"Venta de equipo de seguridad industrial y contra incendio\",\"publisher\":{\"@id\":\"https:\/\/www.provesicsa.com\/#organization\"},\"potentialAction\":[{\"@type\":\"SearchAction\",\"target\":{\"@type\":\"EntryPoint\",\"urlTemplate\":\"https:\/\/www.provesicsa.com\/?s={search_term_string}\"},\"query-input\":\"required name=search_term_string\"}],\"inLanguage\":\"es\"},{\"@type\":\"ImageObject\",\"@id\":\"https:\/\/www.provesicsa.com\/index.php\/producto\/zapa154\/#primaryimage\",\"inLanguage\":\"es\",\"url\":\"https:\/\/www.provesicsa.com\/wp-content\/uploads\/2015\/09\/ZAPA154.1.jpg\",\"contentUrl\":\"https:\/\/www.provesicsa.com\/wp-content\/uploads\/2015\/09\/ZAPA154.1.jpg\",\"width\":600,\"height\":600},{\"@type\":\"WebPage\",\"@id\":\"https:\/\/www.provesicsa.com\/index.php\/producto\/zapa154\/#webpage\",\"url\":\"https:\/\/www.provesicsa.com\/index.php\/producto\/zapa154\/\",\"name\":\"Berrendo 154 | Provesicsa Seguridad Industrial\",\"isPartOf\":{\"@id\":\"https:\/\/www.provesicsa.com\/#website\"},\"primaryImageOfPage\":{\"@id\":\"https:\/\/www.provesicsa.com\/index.php\/producto\/zapa154\/#primaryimage\"},\"datePublished\":\"2015-09-30T15:43:44+00:00\",\"dateModified\":\"2020-11-03T16:20:12+00:00\",\"description\":\"Zapato de trabajo Berrendo 154. Hacemos env\u00edos a toda la rep\u00fablica mexicana. Ll\u00e1manos al 018005071241 para mayores informes.\",\"breadcrumb\":{\"@id\":\"https:\/\/www.provesicsa.com\/index.php\/producto\/zapa154\/#breadcrumb\"},\"inLanguage\":\"es\",\"potentialAction\":[{\"@type\":\"ReadAction\",\"target\":[\"https:\/\/www.provesicsa.com\/index.php\/producto\/zapa154\/\"]}]},{\"@type\":\"BreadcrumbList\",\"@id\":\"https:\/\/www.provesicsa.com\/index.php\/producto\/zapa154\/#breadcrumb\",\"itemListElement\":[{\"@type\":\"ListItem\",\"position\":1,\"name\":\"Portada\",\"item\":\"https:\/\/www.provesicsa.com\/\"},{\"@type\":\"ListItem\",\"position\":2,\"name\":\"Cat\u00e1logo de productos\",\"item\":\"https:\/\/www.provesicsa.com\/index.php\/shop1\/\"},{\"@type\":\"ListItem\",\"position\":3,\"name\":\"Berrendo 154\"}]}]}<\/script>\n<!-- \/ Yoast SEO plugin. -->","yoast_head_json":{"title":"Berrendo 154 | Provesicsa Seguridad Industrial","description":"Zapato de trabajo Berrendo 154. Hacemos env\u00edos a toda la rep\u00fablica mexicana. Ll\u00e1manos al 018005071241 para mayores informes.","robots":{"index":"index","follow":"follow","max-snippet":"max-snippet:-1","max-image-preview":"max-image-preview:large","max-video-preview":"max-video-preview:-1"},"canonical":"https:\/\/www.provesicsa.com\/index.php\/producto\/zapa154\/","og_locale":"es_ES","og_type":"article","og_title":"Berrendo 154 | Provesicsa Seguridad Industrial","og_description":"Zapato de trabajo Berrendo 154. Hacemos env\u00edos a toda la rep\u00fablica mexicana. Ll\u00e1manos al 018005071241 para mayores informes.","og_url":"https:\/\/www.provesicsa.com\/index.php\/producto\/zapa154\/","og_site_name":"Provesicsa Seguridad Industrial","article_publisher":"https:\/\/www.facebook.com\/ProvesicsaSeguridadIndustrial1\/","article_modified_time":"2020-11-03T16:20:12+00:00","og_image":[{"width":600,"height":600,"url":"https:\/\/www.provesicsa.com\/wp-content\/uploads\/2015\/09\/ZAPA154.1.jpg","type":"image\/jpeg"}],"twitter_card":"summary_large_image","schema":{"@context":"https:\/\/schema.org","@graph":[{"@type":"Organization","@id":"https:\/\/www.provesicsa.com\/#organization","name":"Provesicsa Seguridad Industrial","url":"https:\/\/www.provesicsa.com\/","sameAs":["https:\/\/www.facebook.com\/ProvesicsaSeguridadIndustrial1\/","https:\/\/www.instagram.com\/provesicsaseguridadindustrial\/"],"logo":{"@type":"ImageObject","@id":"https:\/\/www.provesicsa.com\/#logo","inLanguage":"es","url":"https:\/\/www.provesicsa.com\/wp-content\/uploads\/2019\/08\/pagweb-1.png","contentUrl":"https:\/\/www.provesicsa.com\/wp-content\/uploads\/2019\/08\/pagweb-1.png","width":360,"height":160,"caption":"Provesicsa Seguridad Industrial"},"image":{"@id":"https:\/\/www.provesicsa.com\/#logo"}},{"@type":"WebSite","@id":"https:\/\/www.provesicsa.com\/#website","url":"https:\/\/www.provesicsa.com\/","name":"Provesicsa Seguridad Industrial","description":"Venta de equipo de seguridad industrial y contra incendio","publisher":{"@id":"https:\/\/www.provesicsa.com\/#organization"},"potentialAction":[{"@type":"SearchAction","target":{"@type":"EntryPoint","urlTemplate":"https:\/\/www.provesicsa.com\/?s={search_term_string}"},"query-input":"required name=search_term_string"}],"inLanguage":"es"},{"@type":"ImageObject","@id":"https:\/\/www.provesicsa.com\/index.php\/producto\/zapa154\/#primaryimage","inLanguage":"es","url":"https:\/\/www.provesicsa.com\/wp-content\/uploads\/2015\/09\/ZAPA154.1.jpg","contentUrl":"https:\/\/www.provesicsa.com\/wp-content\/uploads\/2015\/09\/ZAPA154.1.jpg","width":600,"height":600},{"@type":"WebPage","@id":"https:\/\/www.provesicsa.com\/index.php\/producto\/zapa154\/#webpage","url":"https:\/\/www.provesicsa.com\/index.php\/producto\/zapa154\/","name":"Berrendo 154 | Provesicsa Seguridad Industrial","isPartOf":{"@id":"https:\/\/www.provesicsa.com\/#website"},"primaryImageOfPage":{"@id":"https:\/\/www.provesicsa.com\/index.php\/producto\/zapa154\/#primaryimage"},"datePublished":"2015-09-30T15:43:44+00:00","dateModified":"2020-11-03T16:20:12+00:00","description":"Zapato de trabajo Berrendo 154. Hacemos env\u00edos a toda la rep\u00fablica mexicana. Ll\u00e1manos al 018005071241 para mayores informes.","breadcrumb":{"@id":"https:\/\/www.provesicsa.com\/index.php\/producto\/zapa154\/#breadcrumb"},"inLanguage":"es","potentialAction":[{"@type":"ReadAction","target":["https:\/\/www.provesicsa.com\/index.php\/producto\/zapa154\/"]}]},{"@type":"BreadcrumbList","@id":"https:\/\/www.provesicsa.com\/index.php\/producto\/zapa154\/#breadcrumb","itemListElement":[{"@type":"ListItem","position":1,"name":"Portada","item":"https:\/\/www.provesicsa.com\/"},{"@type":"ListItem","position":2,"name":"Cat\u00e1logo de productos","item":"https:\/\/www.provesicsa.com\/index.php\/shop1\/"},{"@type":"ListItem","position":3,"name":"Berrendo 154"}]}]}},"uagb_featured_image_src":{"full":["https:\/\/www.provesicsa.com\/wp-content\/uploads\/2015\/09\/ZAPA154.1.jpg",600,600,false],"thumbnail":["https:\/\/www.provesicsa.com\/wp-content\/uploads\/2015\/09\/ZAPA154.1-180x180.jpg",180,180,true],"medium":["https:\/\/www.provesicsa.com\/wp-content\/uploads\/2015\/09\/ZAPA154.1-300x300.jpg",300,300,true],"medium_large":["https:\/\/www.provesicsa.com\/wp-content\/uploads\/2015\/09\/ZAPA154.1.jpg",600,600,false],"large":["https:\/\/www.provesicsa.com\/wp-content\/uploads\/2015\/09\/ZAPA154.1-300x300.jpg",300,300,true],"wpmtpv2-thumb":["https:\/\/www.provesicsa.com\/wp-content\/uploads\/2015\/09\/ZAPA154.1-250x250.jpg",250,250,true],"wpmtpv2-single":["https:\/\/www.provesicsa.com\/wp-content\/uploads\/2015\/09\/ZAPA154.1-300x300.jpg",300,300,true],"wpmtpv2-admin-thumb":["https:\/\/www.provesicsa.com\/wp-content\/uploads\/2015\/09\/ZAPA154.1-90x90.jpg",90,90,true],"1536x1536":["https:\/\/www.provesicsa.com\/wp-content\/uploads\/2015\/09\/ZAPA154.1.jpg",600,600,false],"2048x2048":["https:\/\/www.provesicsa.com\/wp-content\/uploads\/2015\/09\/ZAPA154.1.jpg",600,600,false],"woocommerce_thumbnail":["https:\/\/www.provesicsa.com\/wp-content\/uploads\/2015\/09\/ZAPA154.1-300x300.jpg",300,300,true],"woocommerce_single":["https:\/\/www.provesicsa.com\/wp-content\/uploads\/2015\/09\/ZAPA154.1-300x300.jpg",300,300,true],"woocommerce_gallery_thumbnail":["https:\/\/www.provesicsa.com\/wp-content\/uploads\/2015\/09\/ZAPA154.1-100x100.jpg",100,100,true],"shop_catalog":["https:\/\/www.provesicsa.com\/wp-content\/uploads\/2015\/09\/ZAPA154.1-300x300.jpg",300,300,true],"shop_single":["https:\/\/www.provesicsa.com\/wp-content\/uploads\/2015\/09\/ZAPA154.1-300x300.jpg",300,300,true],"shop_thumbnail":["https:\/\/www.provesicsa.com\/wp-content\/uploads\/2015\/09\/ZAPA154.1-100x100.jpg",100,100,true]},"uagb_author_info":{"display_name":"mkt","author_link":"https:\/\/www.provesicsa.com\/index.php\/author\/"},"uagb_comment_info":0,"uagb_excerpt":"Descripci\u00f3n: &#8211; Tipo de protecci\u00f3n: PP&#8211; Corte: Piel&#8211; Color: Caf\u00e9&#8211; Casco: Met\u00e1lico, astiplex&#8211; Suela: Alpina SBR, diel\u00e9ctrico&#8211; Construcci\u00f3n: Good Year Welt 360\u00b0&#8211; Certificaci\u00f3n: NOM-113-STPS-2009, ASTMF2413-11","post_mailing_queue_ids":[],"_links":{"self":[{"href":"https:\/\/www.provesicsa.com\/index.php\/wp-json\/wp\/v2\/product\/2739"}],"collection":[{"href":"https:\/\/www.provesicsa.com\/index.php\/wp-json\/wp\/v2\/product"}],"about":[{"href":"https:\/\/www.provesicsa.com\/index.php\/wp-json\/wp\/v2\/types\/product"}],"version-history":[{"count":5,"href":"https:\/\/www.provesicsa.com\/index.php\/wp-json\/wp\/v2\/product\/2739\/revisions"}],"predecessor-version":[{"id":12427,"href":"https:\/\/www.provesicsa.com\/index.php\/wp-json\/wp\/v2\/product\/2739\/revisions\/12427"}],"wp:featuredmedia":[{"embeddable":true,"href":"https:\/\/www.provesicsa.com\/index.php\/wp-json\/wp\/v2\/media\/9115"}],"wp:attachment":[{"href":"https:\/\/www.provesicsa.com\/index.php\/wp-json\/wp\/v2\/media?parent=2739"}],"curies":[{"name":"wp","href":"https:\/\/api.w.org\/{rel}","templated":true}]}}