{"id":6819,"date":"2019-09-05T10:29:03","date_gmt":"2019-09-05T16:29:03","guid":{"rendered":"http:\/\/www.provesicsa.com\/?post_type=product&#038;p=6819"},"modified":"2020-11-02T17:50:08","modified_gmt":"2020-11-03T00:50:08","slug":"zapa101","status":"publish","type":"product","link":"https:\/\/www.provesicsa.com\/index.php\/producto\/zapa101\/","title":{"rendered":"Armada 101"},"content":{"rendered":"\t\t<div data-elementor-type=\"wp-post\" data-elementor-id=\"6819\" class=\"elementor elementor-6819\">\n\t\t\t\t\t\t<div class=\"elementor-inner\">\n\t\t\t\t<div class=\"elementor-section-wrap\">\n\t\t\t\t\t\t\t\t\t<section class=\"elementor-section elementor-top-section elementor-element elementor-element-7653591 elementor-section-boxed elementor-section-height-default elementor-section-height-default\" data-id=\"7653591\" data-element_type=\"section\">\n\t\t\t\t\t\t<div class=\"elementor-container elementor-column-gap-default\">\n\t\t\t\t\t\t\t<div class=\"elementor-row\">\n\t\t\t\t\t<div class=\"elementor-column elementor-col-100 elementor-top-column elementor-element elementor-element-dbfbefa\" data-id=\"dbfbefa\" data-element_type=\"column\">\n\t\t\t<div class=\"elementor-column-wrap elementor-element-populated\">\n\t\t\t\t\t\t\t<div class=\"elementor-widget-wrap\">\n\t\t\t\t\t\t<div class=\"elementor-element elementor-element-21265f1 elementor-widget elementor-widget-text-editor\" data-id=\"21265f1\" data-element_type=\"widget\" data-widget_type=\"text-editor.default\">\n\t\t\t\t<div class=\"elementor-widget-container\">\n\t\t\t\t\t\t\t\t<div class=\"elementor-text-editor elementor-clearfix\">\n\t\t\t\t<p>Descripci\u00f3n:<\/p><p>&#8211; Tipo de protecci\u00f3n: Con puntera de protecci\u00f3n (PP), diel\u00e9ctrico (D)<br \/>&#8211; Corte: Piel napa<br \/>&#8211; Color: Negro\/Caf\u00e9<br \/>&#8211; Casco: Acero\/Poliamida<br \/>&#8211; Suela: Diel\u00e9ctrica, pat\u00edn estrella<br \/>&#8211; Certificaci\u00f3n: NOM-113-STPS-2009<\/p><p><a href=\"https:\/\/www.calzadoarmada.com\/\"><img loading=\"lazy\" decoding=\"async\" class=\"alignleft wp-image-6820\" src=\"http:\/\/www.provesicsa.com\/wp-content\/uploads\/2019\/09\/ASF-300x63.png\" alt=\"\" width=\"122\" height=\"26\" srcset=\"https:\/\/www.provesicsa.com\/wp-content\/uploads\/2019\/09\/ASF-300x63.png 300w, https:\/\/www.provesicsa.com\/wp-content\/uploads\/2019\/09\/ASF.png 301w\" sizes=\"(max-width: 122px) 100vw, 122px\" \/><\/a><\/p>\t\t\t\t\t<\/div>\n\t\t\t\t\t\t<\/div>\n\t\t\t\t<\/div>\n\t\t\t\t\t\t<\/div>\n\t\t\t\t\t<\/div>\n\t\t<\/div>\n\t\t\t\t\t\t\t\t<\/div>\n\t\t\t\t\t<\/div>\n\t\t<\/section>\n\t\t\t\t<section class=\"elementor-section elementor-top-section elementor-element elementor-element-c59e84c elementor-section-boxed elementor-section-height-default elementor-section-height-default\" data-id=\"c59e84c\" data-element_type=\"section\">\n\t\t\t\t\t\t<div class=\"elementor-container elementor-column-gap-default\">\n\t\t\t\t\t\t\t<div class=\"elementor-row\">\n\t\t\t\t\t<div class=\"elementor-column elementor-col-100 elementor-top-column elementor-element elementor-element-da5a3f9\" data-id=\"da5a3f9\" data-element_type=\"column\">\n\t\t\t<div class=\"elementor-column-wrap elementor-element-populated\">\n\t\t\t\t\t\t\t<div class=\"elementor-widget-wrap\">\n\t\t\t\t\t\t<div class=\"elementor-element elementor-element-11e1ae1 elementor-widget elementor-widget-spacer\" data-id=\"11e1ae1\" data-element_type=\"widget\" data-widget_type=\"spacer.default\">\n\t\t\t\t<div class=\"elementor-widget-container\">\n\t\t\t\t\t<div class=\"elementor-spacer\">\n\t\t\t<div class=\"elementor-spacer-inner\"><\/div>\n\t\t<\/div>\n\t\t\t\t<\/div>\n\t\t\t\t<\/div>\n\t\t\t\t\t\t<\/div>\n\t\t\t\t\t<\/div>\n\t\t<\/div>\n\t\t\t\t\t\t\t\t<\/div>\n\t\t\t\t\t<\/div>\n\t\t<\/section>\n\t\t\t\t\t\t\t\t\t<\/div>\n\t\t\t<\/div>\n\t\t\t\t\t<\/div>\n\t\t","protected":false},"excerpt":{"rendered":"<p>Descripci\u00f3n: &#8211; Tipo de protecci\u00f3n: Con puntera de protecci\u00f3n (PP), diel\u00e9ctrico (D)&#8211; Corte: Piel napa&#8211; Color: Negro\/Caf\u00e9&#8211; Casco: Acero\/Poliamida&#8211; Suela: Diel\u00e9ctrica, pat\u00edn estrella&#8211; Certificaci\u00f3n: NOM-113-STPS-2009<\/p>\n","protected":false},"featured_media":9316,"template":"","meta":{"_uag_custom_page_level_css":""},"class_list":{"0":"post-6819","1":"product","2":"type-product","3":"status-publish","4":"has-post-thumbnail","6":"product_cat-calzado-dielectrico","7":"product_cat-calzado-sin-casco","8":"product_cat-calzado-acero","9":"product_cat-calzado-poliamida","11":"first","12":"instock","13":"taxable","14":"shipping-taxable","15":"product-type-simple"},"yoast_head":"<!-- This site is optimized with the Yoast SEO plugin v18.1 - https:\/\/yoast.com\/wordpress\/plugins\/seo\/ -->\n<title>Armada 101 | Provesicsa Seguridad Industrial<\/title>\n<meta name=\"robots\" content=\"index, follow, max-snippet:-1, max-image-preview:large, max-video-preview:-1\" \/>\n<link rel=\"canonical\" href=\"https:\/\/www.provesicsa.com\/index.php\/producto\/zapa101\/\" \/>\n<meta property=\"og:locale\" content=\"es_ES\" \/>\n<meta property=\"og:type\" content=\"article\" \/>\n<meta property=\"og:title\" content=\"Armada 101 | Provesicsa Seguridad Industrial\" \/>\n<meta property=\"og:description\" content=\"Descripci\u00f3n: &#8211; Tipo de protecci\u00f3n: Con puntera de protecci\u00f3n (PP), diel\u00e9ctrico (D)&#8211; Corte: Piel napa&#8211; Color: Negro\/Caf\u00e9&#8211; Casco: Acero\/Poliamida&#8211; Suela: Diel\u00e9ctrica, pat\u00edn estrella&#8211; Certificaci\u00f3n: NOM-113-STPS-2009\" \/>\n<meta property=\"og:url\" content=\"https:\/\/www.provesicsa.com\/index.php\/producto\/zapa101\/\" \/>\n<meta property=\"og:site_name\" content=\"Provesicsa Seguridad Industrial\" \/>\n<meta property=\"article:publisher\" content=\"https:\/\/www.facebook.com\/ProvesicsaSeguridadIndustrial1\/\" \/>\n<meta property=\"article:modified_time\" content=\"2020-11-03T00:50:08+00:00\" \/>\n<meta property=\"og:image\" content=\"https:\/\/www.provesicsa.com\/wp-content\/uploads\/2019\/09\/zapa101.jpg\" \/>\n\t<meta property=\"og:image:width\" content=\"600\" \/>\n\t<meta property=\"og:image:height\" content=\"600\" \/>\n\t<meta property=\"og:image:type\" content=\"image\/jpeg\" \/>\n<meta name=\"twitter:card\" content=\"summary_large_image\" \/>\n<script type=\"application\/ld+json\" class=\"yoast-schema-graph\">{\"@context\":\"https:\/\/schema.org\",\"@graph\":[{\"@type\":\"Organization\",\"@id\":\"https:\/\/www.provesicsa.com\/#organization\",\"name\":\"Provesicsa Seguridad Industrial\",\"url\":\"https:\/\/www.provesicsa.com\/\",\"sameAs\":[\"https:\/\/www.facebook.com\/ProvesicsaSeguridadIndustrial1\/\",\"https:\/\/www.instagram.com\/provesicsaseguridadindustrial\/\"],\"logo\":{\"@type\":\"ImageObject\",\"@id\":\"https:\/\/www.provesicsa.com\/#logo\",\"inLanguage\":\"es\",\"url\":\"https:\/\/www.provesicsa.com\/wp-content\/uploads\/2019\/08\/pagweb-1.png\",\"contentUrl\":\"https:\/\/www.provesicsa.com\/wp-content\/uploads\/2019\/08\/pagweb-1.png\",\"width\":360,\"height\":160,\"caption\":\"Provesicsa Seguridad Industrial\"},\"image\":{\"@id\":\"https:\/\/www.provesicsa.com\/#logo\"}},{\"@type\":\"WebSite\",\"@id\":\"https:\/\/www.provesicsa.com\/#website\",\"url\":\"https:\/\/www.provesicsa.com\/\",\"name\":\"Provesicsa Seguridad Industrial\",\"description\":\"Venta de equipo de seguridad industrial y contra incendio\",\"publisher\":{\"@id\":\"https:\/\/www.provesicsa.com\/#organization\"},\"potentialAction\":[{\"@type\":\"SearchAction\",\"target\":{\"@type\":\"EntryPoint\",\"urlTemplate\":\"https:\/\/www.provesicsa.com\/?s={search_term_string}\"},\"query-input\":\"required name=search_term_string\"}],\"inLanguage\":\"es\"},{\"@type\":\"ImageObject\",\"@id\":\"https:\/\/www.provesicsa.com\/index.php\/producto\/zapa101\/#primaryimage\",\"inLanguage\":\"es\",\"url\":\"https:\/\/www.provesicsa.com\/wp-content\/uploads\/2019\/09\/zapa101.jpg\",\"contentUrl\":\"https:\/\/www.provesicsa.com\/wp-content\/uploads\/2019\/09\/zapa101.jpg\",\"width\":600,\"height\":600},{\"@type\":\"WebPage\",\"@id\":\"https:\/\/www.provesicsa.com\/index.php\/producto\/zapa101\/#webpage\",\"url\":\"https:\/\/www.provesicsa.com\/index.php\/producto\/zapa101\/\",\"name\":\"Armada 101 | Provesicsa Seguridad Industrial\",\"isPartOf\":{\"@id\":\"https:\/\/www.provesicsa.com\/#website\"},\"primaryImageOfPage\":{\"@id\":\"https:\/\/www.provesicsa.com\/index.php\/producto\/zapa101\/#primaryimage\"},\"datePublished\":\"2019-09-05T16:29:03+00:00\",\"dateModified\":\"2020-11-03T00:50:08+00:00\",\"breadcrumb\":{\"@id\":\"https:\/\/www.provesicsa.com\/index.php\/producto\/zapa101\/#breadcrumb\"},\"inLanguage\":\"es\",\"potentialAction\":[{\"@type\":\"ReadAction\",\"target\":[\"https:\/\/www.provesicsa.com\/index.php\/producto\/zapa101\/\"]}]},{\"@type\":\"BreadcrumbList\",\"@id\":\"https:\/\/www.provesicsa.com\/index.php\/producto\/zapa101\/#breadcrumb\",\"itemListElement\":[{\"@type\":\"ListItem\",\"position\":1,\"name\":\"Portada\",\"item\":\"https:\/\/www.provesicsa.com\/\"},{\"@type\":\"ListItem\",\"position\":2,\"name\":\"Cat\u00e1logo de productos\",\"item\":\"https:\/\/www.provesicsa.com\/index.php\/shop1\/\"},{\"@type\":\"ListItem\",\"position\":3,\"name\":\"Armada 101\"}]}]}<\/script>\n<!-- \/ Yoast SEO plugin. -->","yoast_head_json":{"title":"Armada 101 | Provesicsa Seguridad Industrial","robots":{"index":"index","follow":"follow","max-snippet":"max-snippet:-1","max-image-preview":"max-image-preview:large","max-video-preview":"max-video-preview:-1"},"canonical":"https:\/\/www.provesicsa.com\/index.php\/producto\/zapa101\/","og_locale":"es_ES","og_type":"article","og_title":"Armada 101 | Provesicsa Seguridad Industrial","og_description":"Descripci\u00f3n: &#8211; Tipo de protecci\u00f3n: Con puntera de protecci\u00f3n (PP), diel\u00e9ctrico (D)&#8211; Corte: Piel napa&#8211; Color: Negro\/Caf\u00e9&#8211; Casco: Acero\/Poliamida&#8211; Suela: Diel\u00e9ctrica, pat\u00edn estrella&#8211; Certificaci\u00f3n: NOM-113-STPS-2009","og_url":"https:\/\/www.provesicsa.com\/index.php\/producto\/zapa101\/","og_site_name":"Provesicsa Seguridad Industrial","article_publisher":"https:\/\/www.facebook.com\/ProvesicsaSeguridadIndustrial1\/","article_modified_time":"2020-11-03T00:50:08+00:00","og_image":[{"width":600,"height":600,"url":"https:\/\/www.provesicsa.com\/wp-content\/uploads\/2019\/09\/zapa101.jpg","type":"image\/jpeg"}],"twitter_card":"summary_large_image","schema":{"@context":"https:\/\/schema.org","@graph":[{"@type":"Organization","@id":"https:\/\/www.provesicsa.com\/#organization","name":"Provesicsa Seguridad Industrial","url":"https:\/\/www.provesicsa.com\/","sameAs":["https:\/\/www.facebook.com\/ProvesicsaSeguridadIndustrial1\/","https:\/\/www.instagram.com\/provesicsaseguridadindustrial\/"],"logo":{"@type":"ImageObject","@id":"https:\/\/www.provesicsa.com\/#logo","inLanguage":"es","url":"https:\/\/www.provesicsa.com\/wp-content\/uploads\/2019\/08\/pagweb-1.png","contentUrl":"https:\/\/www.provesicsa.com\/wp-content\/uploads\/2019\/08\/pagweb-1.png","width":360,"height":160,"caption":"Provesicsa Seguridad Industrial"},"image":{"@id":"https:\/\/www.provesicsa.com\/#logo"}},{"@type":"WebSite","@id":"https:\/\/www.provesicsa.com\/#website","url":"https:\/\/www.provesicsa.com\/","name":"Provesicsa Seguridad Industrial","description":"Venta de equipo de seguridad industrial y contra incendio","publisher":{"@id":"https:\/\/www.provesicsa.com\/#organization"},"potentialAction":[{"@type":"SearchAction","target":{"@type":"EntryPoint","urlTemplate":"https:\/\/www.provesicsa.com\/?s={search_term_string}"},"query-input":"required name=search_term_string"}],"inLanguage":"es"},{"@type":"ImageObject","@id":"https:\/\/www.provesicsa.com\/index.php\/producto\/zapa101\/#primaryimage","inLanguage":"es","url":"https:\/\/www.provesicsa.com\/wp-content\/uploads\/2019\/09\/zapa101.jpg","contentUrl":"https:\/\/www.provesicsa.com\/wp-content\/uploads\/2019\/09\/zapa101.jpg","width":600,"height":600},{"@type":"WebPage","@id":"https:\/\/www.provesicsa.com\/index.php\/producto\/zapa101\/#webpage","url":"https:\/\/www.provesicsa.com\/index.php\/producto\/zapa101\/","name":"Armada 101 | Provesicsa Seguridad Industrial","isPartOf":{"@id":"https:\/\/www.provesicsa.com\/#website"},"primaryImageOfPage":{"@id":"https:\/\/www.provesicsa.com\/index.php\/producto\/zapa101\/#primaryimage"},"datePublished":"2019-09-05T16:29:03+00:00","dateModified":"2020-11-03T00:50:08+00:00","breadcrumb":{"@id":"https:\/\/www.provesicsa.com\/index.php\/producto\/zapa101\/#breadcrumb"},"inLanguage":"es","potentialAction":[{"@type":"ReadAction","target":["https:\/\/www.provesicsa.com\/index.php\/producto\/zapa101\/"]}]},{"@type":"BreadcrumbList","@id":"https:\/\/www.provesicsa.com\/index.php\/producto\/zapa101\/#breadcrumb","itemListElement":[{"@type":"ListItem","position":1,"name":"Portada","item":"https:\/\/www.provesicsa.com\/"},{"@type":"ListItem","position":2,"name":"Cat\u00e1logo de productos","item":"https:\/\/www.provesicsa.com\/index.php\/shop1\/"},{"@type":"ListItem","position":3,"name":"Armada 101"}]}]}},"uagb_featured_image_src":{"full":["https:\/\/www.provesicsa.com\/wp-content\/uploads\/2019\/09\/zapa101.jpg",600,600,false],"thumbnail":["https:\/\/www.provesicsa.com\/wp-content\/uploads\/2019\/09\/zapa101-180x180.jpg",180,180,true],"medium":["https:\/\/www.provesicsa.com\/wp-content\/uploads\/2019\/09\/zapa101-300x300.jpg",300,300,true],"medium_large":["https:\/\/www.provesicsa.com\/wp-content\/uploads\/2019\/09\/zapa101.jpg",600,600,false],"large":["https:\/\/www.provesicsa.com\/wp-content\/uploads\/2019\/09\/zapa101-300x300.jpg",300,300,true],"wpmtpv2-thumb":["https:\/\/www.provesicsa.com\/wp-content\/uploads\/2019\/09\/zapa101-250x250.jpg",250,250,true],"wpmtpv2-single":["https:\/\/www.provesicsa.com\/wp-content\/uploads\/2019\/09\/zapa101-300x300.jpg",300,300,true],"wpmtpv2-admin-thumb":["https:\/\/www.provesicsa.com\/wp-content\/uploads\/2019\/09\/zapa101-90x90.jpg",90,90,true],"1536x1536":["https:\/\/www.provesicsa.com\/wp-content\/uploads\/2019\/09\/zapa101.jpg",600,600,false],"2048x2048":["https:\/\/www.provesicsa.com\/wp-content\/uploads\/2019\/09\/zapa101.jpg",600,600,false],"woocommerce_thumbnail":["https:\/\/www.provesicsa.com\/wp-content\/uploads\/2019\/09\/zapa101-300x300.jpg",300,300,true],"woocommerce_single":["https:\/\/www.provesicsa.com\/wp-content\/uploads\/2019\/09\/zapa101-300x300.jpg",300,300,true],"woocommerce_gallery_thumbnail":["https:\/\/www.provesicsa.com\/wp-content\/uploads\/2019\/09\/zapa101-100x100.jpg",100,100,true],"shop_catalog":["https:\/\/www.provesicsa.com\/wp-content\/uploads\/2019\/09\/zapa101-300x300.jpg",300,300,true],"shop_single":["https:\/\/www.provesicsa.com\/wp-content\/uploads\/2019\/09\/zapa101-300x300.jpg",300,300,true],"shop_thumbnail":["https:\/\/www.provesicsa.com\/wp-content\/uploads\/2019\/09\/zapa101-100x100.jpg",100,100,true]},"uagb_author_info":{"display_name":"mkt","author_link":"https:\/\/www.provesicsa.com\/index.php\/author\/"},"uagb_comment_info":0,"uagb_excerpt":"Descripci\u00f3n: &#8211; Tipo de protecci\u00f3n: Con puntera de protecci\u00f3n (PP), diel\u00e9ctrico (D)&#8211; Corte: Piel napa&#8211; Color: Negro\/Caf\u00e9&#8211; Casco: Acero\/Poliamida&#8211; Suela: Diel\u00e9ctrica, pat\u00edn estrella&#8211; Certificaci\u00f3n: NOM-113-STPS-2009","post_mailing_queue_ids":[],"_links":{"self":[{"href":"https:\/\/www.provesicsa.com\/index.php\/wp-json\/wp\/v2\/product\/6819"}],"collection":[{"href":"https:\/\/www.provesicsa.com\/index.php\/wp-json\/wp\/v2\/product"}],"about":[{"href":"https:\/\/www.provesicsa.com\/index.php\/wp-json\/wp\/v2\/types\/product"}],"version-history":[{"count":4,"href":"https:\/\/www.provesicsa.com\/index.php\/wp-json\/wp\/v2\/product\/6819\/revisions"}],"predecessor-version":[{"id":12364,"href":"https:\/\/www.provesicsa.com\/index.php\/wp-json\/wp\/v2\/product\/6819\/revisions\/12364"}],"wp:featuredmedia":[{"embeddable":true,"href":"https:\/\/www.provesicsa.com\/index.php\/wp-json\/wp\/v2\/media\/9316"}],"wp:attachment":[{"href":"https:\/\/www.provesicsa.com\/index.php\/wp-json\/wp\/v2\/media?parent=6819"}],"curies":[{"name":"wp","href":"https:\/\/api.w.org\/{rel}","templated":true}]}}