{"id":7094,"date":"2019-09-06T16:23:30","date_gmt":"2019-09-06T22:23:30","guid":{"rendered":"http:\/\/www.provesicsa.com\/?post_type=product&#038;p=7094"},"modified":"2020-11-02T15:59:55","modified_gmt":"2020-11-02T22:59:55","slug":"bota551","status":"publish","type":"product","link":"https:\/\/www.provesicsa.com\/index.php\/producto\/bota551\/","title":{"rendered":"DryPro DPU551"},"content":{"rendered":"\t\t<div data-elementor-type=\"wp-post\" data-elementor-id=\"7094\" class=\"elementor elementor-7094\">\n\t\t\t\t\t\t<div class=\"elementor-inner\">\n\t\t\t\t<div class=\"elementor-section-wrap\">\n\t\t\t\t\t\t\t\t\t<section class=\"elementor-section elementor-top-section elementor-element elementor-element-2507549 elementor-section-boxed elementor-section-height-default elementor-section-height-default\" data-id=\"2507549\" data-element_type=\"section\">\n\t\t\t\t\t\t<div class=\"elementor-container elementor-column-gap-default\">\n\t\t\t\t\t\t\t<div class=\"elementor-row\">\n\t\t\t\t\t<div class=\"elementor-column elementor-col-100 elementor-top-column elementor-element elementor-element-7c5e89f\" data-id=\"7c5e89f\" data-element_type=\"column\">\n\t\t\t<div class=\"elementor-column-wrap elementor-element-populated\">\n\t\t\t\t\t\t\t<div class=\"elementor-widget-wrap\">\n\t\t\t\t\t\t<div class=\"elementor-element elementor-element-b4a1e3d elementor-widget elementor-widget-text-editor\" data-id=\"b4a1e3d\" data-element_type=\"widget\" data-widget_type=\"text-editor.default\">\n\t\t\t\t<div class=\"elementor-widget-container\">\n\t\t\t\t\t\t\t\t<div class=\"elementor-text-editor elementor-clearfix\">\n\t\t\t\t<p>Descripci\u00f3n:<\/p><p>&#8211; Tipo de protecci\u00f3n: Con puntera de protecci\u00f3n (PP)<br \/>&#8211; N\u00famero de parte: DPU551<br \/>&#8211; Material: Compuesto de PVC<br \/>&#8211; Color: Blanco-azul<br \/>&#8211; Casco: Acero<br \/>&#8211; Suela: Multitrack nitrifort<br \/>&#8211; Construcci\u00f3n: DIP<\/p><p>&#8211; Certificaciones: NOM 113-STPS-2009<\/p><p><a href=\"http:\/\/www.drypro.mx\/\"><img loading=\"lazy\" decoding=\"async\" class=\"alignleft wp-image-7078\" src=\"http:\/\/www.provesicsa.com\/wp-content\/uploads\/2019\/09\/logo-drypro-300x102-300x102.png\" alt=\"\" width=\"122\" height=\"41\" \/><\/a><\/p><p>\u00a0<\/p>\t\t\t\t\t<\/div>\n\t\t\t\t\t\t<\/div>\n\t\t\t\t<\/div>\n\t\t\t\t\t\t<\/div>\n\t\t\t\t\t<\/div>\n\t\t<\/div>\n\t\t\t\t\t\t\t\t<\/div>\n\t\t\t\t\t<\/div>\n\t\t<\/section>\n\t\t\t\t<section class=\"elementor-section elementor-top-section elementor-element elementor-element-25a9c0a elementor-section-boxed elementor-section-height-default elementor-section-height-default\" data-id=\"25a9c0a\" data-element_type=\"section\">\n\t\t\t\t\t\t<div class=\"elementor-container elementor-column-gap-default\">\n\t\t\t\t\t\t\t<div class=\"elementor-row\">\n\t\t\t\t\t<div class=\"elementor-column elementor-col-100 elementor-top-column elementor-element elementor-element-9067937\" data-id=\"9067937\" data-element_type=\"column\">\n\t\t\t<div class=\"elementor-column-wrap elementor-element-populated\">\n\t\t\t\t\t\t\t<div class=\"elementor-widget-wrap\">\n\t\t\t\t\t\t<div class=\"elementor-element elementor-element-5a69abd elementor-widget-divider--view-line elementor-widget elementor-widget-divider\" data-id=\"5a69abd\" data-element_type=\"widget\" data-widget_type=\"divider.default\">\n\t\t\t\t<div class=\"elementor-widget-container\">\n\t\t\t\t\t<div class=\"elementor-divider\">\n\t\t\t<span class=\"elementor-divider-separator\">\n\t\t\t\t\t\t<\/span>\n\t\t<\/div>\n\t\t\t\t<\/div>\n\t\t\t\t<\/div>\n\t\t\t\t\t\t<\/div>\n\t\t\t\t\t<\/div>\n\t\t<\/div>\n\t\t\t\t\t\t\t\t<\/div>\n\t\t\t\t\t<\/div>\n\t\t<\/section>\n\t\t\t\t\t\t\t\t\t<\/div>\n\t\t\t<\/div>\n\t\t\t\t\t<\/div>\n\t\t","protected":false},"excerpt":{"rendered":"<p>Descripci\u00f3n: &#8211; Tipo de protecci\u00f3n: Con puntera de protecci\u00f3n (PP)&#8211; N\u00famero de parte: DPU551&#8211; Material: Compuesto de PVC&#8211; Color: Blanco-azul&#8211; Casco: Acero&#8211; Suela: Multitrack nitrifort&#8211; Construcci\u00f3n: DIP &#8211; Certificaciones: NOM 113-STPS-2009 \u00a0<\/p>\n","protected":false},"featured_media":9418,"template":"","meta":{"_uag_custom_page_level_css":""},"class_list":{"0":"post-7094","1":"product","2":"type-product","3":"status-publish","4":"has-post-thumbnail","6":"product_cat-botas-sanitarias","7":"product_cat-calzado-dama","9":"first","10":"instock","11":"taxable","12":"shipping-taxable","13":"product-type-simple"},"yoast_head":"<!-- This site is optimized with the Yoast SEO plugin v18.1 - https:\/\/yoast.com\/wordpress\/plugins\/seo\/ -->\n<title>DryPro DPU551 | Provesicsa Seguridad Industrial<\/title>\n<meta name=\"description\" content=\"Fabricada con compuesto de PVC 100% virgen\/ F\u00f3rmula ULTRACTIVE en ca\u00f1a le proporciona M\u00c1XIMA RESISTENCIA al contacto con sustancias agresivas.\" \/>\n<meta name=\"robots\" content=\"index, follow, max-snippet:-1, max-image-preview:large, max-video-preview:-1\" \/>\n<link rel=\"canonical\" href=\"https:\/\/www.provesicsa.com\/index.php\/producto\/bota551\/\" \/>\n<meta property=\"og:locale\" content=\"es_ES\" \/>\n<meta property=\"og:type\" content=\"article\" \/>\n<meta property=\"og:title\" content=\"DryPro DPU551 | Provesicsa Seguridad Industrial\" \/>\n<meta property=\"og:description\" content=\"Fabricada con compuesto de PVC 100% virgen\/ F\u00f3rmula ULTRACTIVE en ca\u00f1a le proporciona M\u00c1XIMA RESISTENCIA al contacto con sustancias agresivas.\" \/>\n<meta property=\"og:url\" content=\"https:\/\/www.provesicsa.com\/index.php\/producto\/bota551\/\" \/>\n<meta property=\"og:site_name\" content=\"Provesicsa Seguridad Industrial\" \/>\n<meta property=\"article:publisher\" content=\"https:\/\/www.facebook.com\/ProvesicsaSeguridadIndustrial1\/\" \/>\n<meta property=\"article:modified_time\" content=\"2020-11-02T22:59:55+00:00\" \/>\n<meta property=\"og:image\" content=\"https:\/\/www.provesicsa.com\/wp-content\/uploads\/2019\/09\/BOTA551.jpg\" \/>\n\t<meta property=\"og:image:width\" content=\"600\" \/>\n\t<meta property=\"og:image:height\" content=\"600\" \/>\n\t<meta property=\"og:image:type\" content=\"image\/jpeg\" \/>\n<meta name=\"twitter:card\" content=\"summary_large_image\" \/>\n<script type=\"application\/ld+json\" class=\"yoast-schema-graph\">{\"@context\":\"https:\/\/schema.org\",\"@graph\":[{\"@type\":\"Organization\",\"@id\":\"https:\/\/www.provesicsa.com\/#organization\",\"name\":\"Provesicsa Seguridad Industrial\",\"url\":\"https:\/\/www.provesicsa.com\/\",\"sameAs\":[\"https:\/\/www.facebook.com\/ProvesicsaSeguridadIndustrial1\/\",\"https:\/\/www.instagram.com\/provesicsaseguridadindustrial\/\"],\"logo\":{\"@type\":\"ImageObject\",\"@id\":\"https:\/\/www.provesicsa.com\/#logo\",\"inLanguage\":\"es\",\"url\":\"https:\/\/www.provesicsa.com\/wp-content\/uploads\/2019\/08\/pagweb-1.png\",\"contentUrl\":\"https:\/\/www.provesicsa.com\/wp-content\/uploads\/2019\/08\/pagweb-1.png\",\"width\":360,\"height\":160,\"caption\":\"Provesicsa Seguridad Industrial\"},\"image\":{\"@id\":\"https:\/\/www.provesicsa.com\/#logo\"}},{\"@type\":\"WebSite\",\"@id\":\"https:\/\/www.provesicsa.com\/#website\",\"url\":\"https:\/\/www.provesicsa.com\/\",\"name\":\"Provesicsa Seguridad Industrial\",\"description\":\"Venta de equipo de seguridad industrial y contra incendio\",\"publisher\":{\"@id\":\"https:\/\/www.provesicsa.com\/#organization\"},\"potentialAction\":[{\"@type\":\"SearchAction\",\"target\":{\"@type\":\"EntryPoint\",\"urlTemplate\":\"https:\/\/www.provesicsa.com\/?s={search_term_string}\"},\"query-input\":\"required name=search_term_string\"}],\"inLanguage\":\"es\"},{\"@type\":\"ImageObject\",\"@id\":\"https:\/\/www.provesicsa.com\/index.php\/producto\/bota551\/#primaryimage\",\"inLanguage\":\"es\",\"url\":\"https:\/\/www.provesicsa.com\/wp-content\/uploads\/2019\/09\/BOTA551.jpg\",\"contentUrl\":\"https:\/\/www.provesicsa.com\/wp-content\/uploads\/2019\/09\/BOTA551.jpg\",\"width\":600,\"height\":600},{\"@type\":\"WebPage\",\"@id\":\"https:\/\/www.provesicsa.com\/index.php\/producto\/bota551\/#webpage\",\"url\":\"https:\/\/www.provesicsa.com\/index.php\/producto\/bota551\/\",\"name\":\"DryPro DPU551 | Provesicsa Seguridad Industrial\",\"isPartOf\":{\"@id\":\"https:\/\/www.provesicsa.com\/#website\"},\"primaryImageOfPage\":{\"@id\":\"https:\/\/www.provesicsa.com\/index.php\/producto\/bota551\/#primaryimage\"},\"datePublished\":\"2019-09-06T22:23:30+00:00\",\"dateModified\":\"2020-11-02T22:59:55+00:00\",\"description\":\"Fabricada con compuesto de PVC 100% virgen\/ F\u00f3rmula ULTRACTIVE en ca\u00f1a le proporciona M\u00c1XIMA RESISTENCIA al contacto con sustancias agresivas.\",\"breadcrumb\":{\"@id\":\"https:\/\/www.provesicsa.com\/index.php\/producto\/bota551\/#breadcrumb\"},\"inLanguage\":\"es\",\"potentialAction\":[{\"@type\":\"ReadAction\",\"target\":[\"https:\/\/www.provesicsa.com\/index.php\/producto\/bota551\/\"]}]},{\"@type\":\"BreadcrumbList\",\"@id\":\"https:\/\/www.provesicsa.com\/index.php\/producto\/bota551\/#breadcrumb\",\"itemListElement\":[{\"@type\":\"ListItem\",\"position\":1,\"name\":\"Portada\",\"item\":\"https:\/\/www.provesicsa.com\/\"},{\"@type\":\"ListItem\",\"position\":2,\"name\":\"Cat\u00e1logo de productos\",\"item\":\"https:\/\/www.provesicsa.com\/index.php\/shop1\/\"},{\"@type\":\"ListItem\",\"position\":3,\"name\":\"DryPro DPU551\"}]}]}<\/script>\n<!-- \/ Yoast SEO plugin. -->","yoast_head_json":{"title":"DryPro DPU551 | Provesicsa Seguridad Industrial","description":"Fabricada con compuesto de PVC 100% virgen\/ F\u00f3rmula ULTRACTIVE en ca\u00f1a le proporciona M\u00c1XIMA RESISTENCIA al contacto con sustancias agresivas.","robots":{"index":"index","follow":"follow","max-snippet":"max-snippet:-1","max-image-preview":"max-image-preview:large","max-video-preview":"max-video-preview:-1"},"canonical":"https:\/\/www.provesicsa.com\/index.php\/producto\/bota551\/","og_locale":"es_ES","og_type":"article","og_title":"DryPro DPU551 | Provesicsa Seguridad Industrial","og_description":"Fabricada con compuesto de PVC 100% virgen\/ F\u00f3rmula ULTRACTIVE en ca\u00f1a le proporciona M\u00c1XIMA RESISTENCIA al contacto con sustancias agresivas.","og_url":"https:\/\/www.provesicsa.com\/index.php\/producto\/bota551\/","og_site_name":"Provesicsa Seguridad Industrial","article_publisher":"https:\/\/www.facebook.com\/ProvesicsaSeguridadIndustrial1\/","article_modified_time":"2020-11-02T22:59:55+00:00","og_image":[{"width":600,"height":600,"url":"https:\/\/www.provesicsa.com\/wp-content\/uploads\/2019\/09\/BOTA551.jpg","type":"image\/jpeg"}],"twitter_card":"summary_large_image","schema":{"@context":"https:\/\/schema.org","@graph":[{"@type":"Organization","@id":"https:\/\/www.provesicsa.com\/#organization","name":"Provesicsa Seguridad Industrial","url":"https:\/\/www.provesicsa.com\/","sameAs":["https:\/\/www.facebook.com\/ProvesicsaSeguridadIndustrial1\/","https:\/\/www.instagram.com\/provesicsaseguridadindustrial\/"],"logo":{"@type":"ImageObject","@id":"https:\/\/www.provesicsa.com\/#logo","inLanguage":"es","url":"https:\/\/www.provesicsa.com\/wp-content\/uploads\/2019\/08\/pagweb-1.png","contentUrl":"https:\/\/www.provesicsa.com\/wp-content\/uploads\/2019\/08\/pagweb-1.png","width":360,"height":160,"caption":"Provesicsa Seguridad Industrial"},"image":{"@id":"https:\/\/www.provesicsa.com\/#logo"}},{"@type":"WebSite","@id":"https:\/\/www.provesicsa.com\/#website","url":"https:\/\/www.provesicsa.com\/","name":"Provesicsa Seguridad Industrial","description":"Venta de equipo de seguridad industrial y contra incendio","publisher":{"@id":"https:\/\/www.provesicsa.com\/#organization"},"potentialAction":[{"@type":"SearchAction","target":{"@type":"EntryPoint","urlTemplate":"https:\/\/www.provesicsa.com\/?s={search_term_string}"},"query-input":"required name=search_term_string"}],"inLanguage":"es"},{"@type":"ImageObject","@id":"https:\/\/www.provesicsa.com\/index.php\/producto\/bota551\/#primaryimage","inLanguage":"es","url":"https:\/\/www.provesicsa.com\/wp-content\/uploads\/2019\/09\/BOTA551.jpg","contentUrl":"https:\/\/www.provesicsa.com\/wp-content\/uploads\/2019\/09\/BOTA551.jpg","width":600,"height":600},{"@type":"WebPage","@id":"https:\/\/www.provesicsa.com\/index.php\/producto\/bota551\/#webpage","url":"https:\/\/www.provesicsa.com\/index.php\/producto\/bota551\/","name":"DryPro DPU551 | Provesicsa Seguridad Industrial","isPartOf":{"@id":"https:\/\/www.provesicsa.com\/#website"},"primaryImageOfPage":{"@id":"https:\/\/www.provesicsa.com\/index.php\/producto\/bota551\/#primaryimage"},"datePublished":"2019-09-06T22:23:30+00:00","dateModified":"2020-11-02T22:59:55+00:00","description":"Fabricada con compuesto de PVC 100% virgen\/ F\u00f3rmula ULTRACTIVE en ca\u00f1a le proporciona M\u00c1XIMA RESISTENCIA al contacto con sustancias agresivas.","breadcrumb":{"@id":"https:\/\/www.provesicsa.com\/index.php\/producto\/bota551\/#breadcrumb"},"inLanguage":"es","potentialAction":[{"@type":"ReadAction","target":["https:\/\/www.provesicsa.com\/index.php\/producto\/bota551\/"]}]},{"@type":"BreadcrumbList","@id":"https:\/\/www.provesicsa.com\/index.php\/producto\/bota551\/#breadcrumb","itemListElement":[{"@type":"ListItem","position":1,"name":"Portada","item":"https:\/\/www.provesicsa.com\/"},{"@type":"ListItem","position":2,"name":"Cat\u00e1logo de productos","item":"https:\/\/www.provesicsa.com\/index.php\/shop1\/"},{"@type":"ListItem","position":3,"name":"DryPro DPU551"}]}]}},"uagb_featured_image_src":{"full":["https:\/\/www.provesicsa.com\/wp-content\/uploads\/2019\/09\/BOTA551.jpg",600,600,false],"thumbnail":["https:\/\/www.provesicsa.com\/wp-content\/uploads\/2019\/09\/BOTA551-180x180.jpg",180,180,true],"medium":["https:\/\/www.provesicsa.com\/wp-content\/uploads\/2019\/09\/BOTA551-300x300.jpg",300,300,true],"medium_large":["https:\/\/www.provesicsa.com\/wp-content\/uploads\/2019\/09\/BOTA551.jpg",600,600,false],"large":["https:\/\/www.provesicsa.com\/wp-content\/uploads\/2019\/09\/BOTA551-300x300.jpg",300,300,true],"wpmtpv2-thumb":["https:\/\/www.provesicsa.com\/wp-content\/uploads\/2019\/09\/BOTA551-250x250.jpg",250,250,true],"wpmtpv2-single":["https:\/\/www.provesicsa.com\/wp-content\/uploads\/2019\/09\/BOTA551-300x300.jpg",300,300,true],"wpmtpv2-admin-thumb":["https:\/\/www.provesicsa.com\/wp-content\/uploads\/2019\/09\/BOTA551-90x90.jpg",90,90,true],"1536x1536":["https:\/\/www.provesicsa.com\/wp-content\/uploads\/2019\/09\/BOTA551.jpg",600,600,false],"2048x2048":["https:\/\/www.provesicsa.com\/wp-content\/uploads\/2019\/09\/BOTA551.jpg",600,600,false],"woocommerce_thumbnail":["https:\/\/www.provesicsa.com\/wp-content\/uploads\/2019\/09\/BOTA551-300x300.jpg",300,300,true],"woocommerce_single":["https:\/\/www.provesicsa.com\/wp-content\/uploads\/2019\/09\/BOTA551-300x300.jpg",300,300,true],"woocommerce_gallery_thumbnail":["https:\/\/www.provesicsa.com\/wp-content\/uploads\/2019\/09\/BOTA551-100x100.jpg",100,100,true],"shop_catalog":["https:\/\/www.provesicsa.com\/wp-content\/uploads\/2019\/09\/BOTA551-300x300.jpg",300,300,true],"shop_single":["https:\/\/www.provesicsa.com\/wp-content\/uploads\/2019\/09\/BOTA551-300x300.jpg",300,300,true],"shop_thumbnail":["https:\/\/www.provesicsa.com\/wp-content\/uploads\/2019\/09\/BOTA551-100x100.jpg",100,100,true]},"uagb_author_info":{"display_name":"mkt","author_link":"https:\/\/www.provesicsa.com\/index.php\/author\/"},"uagb_comment_info":0,"uagb_excerpt":"Descripci\u00f3n: &#8211; Tipo de protecci\u00f3n: Con puntera de protecci\u00f3n (PP)&#8211; N\u00famero de parte: DPU551&#8211; Material: Compuesto de PVC&#8211; Color: Blanco-azul&#8211; Casco: Acero&#8211; Suela: Multitrack nitrifort&#8211; Construcci\u00f3n: DIP &#8211; Certificaciones: NOM 113-STPS-2009 \u00a0","post_mailing_queue_ids":[],"_links":{"self":[{"href":"https:\/\/www.provesicsa.com\/index.php\/wp-json\/wp\/v2\/product\/7094"}],"collection":[{"href":"https:\/\/www.provesicsa.com\/index.php\/wp-json\/wp\/v2\/product"}],"about":[{"href":"https:\/\/www.provesicsa.com\/index.php\/wp-json\/wp\/v2\/types\/product"}],"version-history":[{"count":4,"href":"https:\/\/www.provesicsa.com\/index.php\/wp-json\/wp\/v2\/product\/7094\/revisions"}],"predecessor-version":[{"id":12284,"href":"https:\/\/www.provesicsa.com\/index.php\/wp-json\/wp\/v2\/product\/7094\/revisions\/12284"}],"wp:featuredmedia":[{"embeddable":true,"href":"https:\/\/www.provesicsa.com\/index.php\/wp-json\/wp\/v2\/media\/9418"}],"wp:attachment":[{"href":"https:\/\/www.provesicsa.com\/index.php\/wp-json\/wp\/v2\/media?parent=7094"}],"curies":[{"name":"wp","href":"https:\/\/api.w.org\/{rel}","templated":true}]}}